{"id":6674,"date":"2024-04-26T11:43:27","date_gmt":"2024-04-26T10:43:27","guid":{"rendered":"https:\/\/interhospitalia.es\/web\/?page_id=6674"},"modified":"2024-04-26T12:01:42","modified_gmt":"2024-04-26T11:01:42","slug":"consentiment-treballa-amb-nosaltres","status":"publish","type":"page","link":"https:\/\/interhospitalia.es\/web\/consentiment-treballa-amb-nosaltres\/","title":{"rendered":"Consentiment Treballa amb nosaltres"},"content":{"rendered":"\t\t<div data-elementor-type=\"wp-page\" data-elementor-id=\"6674\" class=\"elementor elementor-6674\">\n\t\t\t\t<div class=\"elementor-element elementor-element-aa1b807 e-flex e-con-boxed e-con e-parent\" data-id=\"aa1b807\" data-element_type=\"container\" data-e-type=\"container\">\n\t\t\t\t\t<div class=\"e-con-inner\">\n\t\t\t\t<div class=\"elementor-element elementor-element-a4a0929 elementor-widget elementor-widget-html\" data-id=\"a4a0929\" data-element_type=\"widget\" data-e-type=\"widget\" data-widget_type=\"html.default\">\n\t\t\t\t<div class=\"elementor-widget-container\">\n\t\t\t\t\t\r\n<h2 style=\"text-align:center;\">FORMULARI: Consentiment per enviar un CURR\u00cdCULUM<\/h2><div style=\"text-align: justify;\">\r\n<p style=\"text-align:center\"><span style=\"font-size:14px\"><br \/>\r\n<strong>INFORMACI\u00d3 PER AL TRACTAMENT DE DADES PERSONALS<\/strong><\/span><\/p>\r\n\r\n<p style=\"text-align:center\"><span style=\"font-size:14px\"><strong>AMB FINALITAT DE CANDIDAT A EMPLEAT<\/strong><\/span><\/p>\r\n\r\n<p style=\"text-align: justify;\"><span style=\"font-size:14px\"><br \/>\r\nINTERHOSPITALIA 2 AIE \u00e9s el <strong>Responsable del tractament<\/strong> de les dades personals de l&rsquo;interessat i l&rsquo;informa que aquestes dades es tractaran de conformitat amb el que estableix el Reglament (UE) 2016\/679, de 27 d&rsquo;abril (GDPR), i la Llei Org\u00e0nica 3\/2018, de 5 de desembre (LOPDGDD), per inter\u00e8s leg\u00edtim del Responsable, i se li facilita la seg\u00fcent informaci\u00f3 del tractament:<\/span><\/p>\r\n\r\n<p style=\"text-align: justify;\"><span style=\"font-size:14px\"><strong>Finalitats del tractament<\/strong>: fer part\u00edcip l&rsquo;interessat dels processos de selecci\u00f3 de personal, tot efectuant una an\u00e0lisi del perfil del sol&middot;licitant amb l&rsquo;objectiu de seleccionar el millor candidat per al lloc vacant del Responsable.<br \/>\r\n<br \/>\r\n<strong>Legitimaci\u00f3 del tractament<\/strong>: consentiment inequ\u00edvoc mitjan\u00e7ant una clara acci\u00f3 de l&rsquo;interessat (GDPR, art. 6.1.a).<br \/>\r\n<br \/>\r\n<strong>Registre de curr\u00edculums<\/strong>: l&rsquo;informem que aquest \u00e9s l&rsquo;\u00fanic procediment oficial per acceptar el seu curr\u00edculum, de manera que no s&rsquo;acceptaran els curr\u00edculums rebuts per una altra via.<\/span><br \/>\r\n<br \/>\r\n<span style=\"font-size:14px\"><strong>Criteris de conservaci\u00f3 de les dades<\/strong>: es conservaran durant un termini m\u00e0xim <strong>d&rsquo;un any<\/strong>, despr\u00e9s del qual es procedir\u00e0 a suprimir les dades tot garantint-li un total respecte a la confidencialitat, tant en el tractament com en la seva posterior destrucci\u00f3. En aquest sentit, un cop transcorregut aquest termini, i si desitja continuar participant en els processos de selecci\u00f3 del Responsable, si us plau, li preguem que ens torni a enviar el seu curr\u00edculum.<\/span><\/p>\r\n\r\n<p style=\"text-align: justify;\"><span style=\"font-size:14px\"><strong>Actualitzaci\u00f3 de les dades<\/strong>: En cas que es produeixi algun canvi en les seves dades, li preguem que ens ho comuniqui per escrit com m\u00e9s aviat millor, per tal de mantenir les seves dades degudament actualitzades. <\/span><\/p>\r\n\r\n<p style=\"text-align: justify;\"><span style=\"font-size:14px\"><strong>Comunicaci\u00f3 de les dades<\/strong>: es podran tractar i\/o comunicar a les empreses integrants del nostre grup (les adreces dels quals figuren en aquesta mateixa p\u00e0gina web), mentre se&rsquo;n conserva el curr\u00edculum i per a les finalitats que s&rsquo;han informat anteriorment.<\/span><\/p>\r\n\r\n<p style=\"text-align: justify;\"><span style=\"font-size:14px\"><strong>Drets que t\u00e9 l&rsquo;Interessat<\/strong>:<\/span><\/p>\r\n\r\n<p style=\"text-align: justify;\"><span style=\"font-size:14px\">- Dret a retirar el consentiment en qualsevol moment.<br \/>\r\n- Dret d&rsquo;acc\u00e9s, rectificaci\u00f3, portabilitat i supressi\u00f3 de les seves dades i de limitaci\u00f3 o oposici\u00f3 al seu tractament.<br \/>\r\n- Dret a presentar una reclamaci\u00f3 davant l&rsquo;Autoritat de control (www.aepd.es) si considera que el tractament no s&rsquo;ajusta a la normativa vigent.<\/span><\/p>\r\n\r\n<p style=\"text-align: justify;\"><span style=\"font-size:14px\"><strong>Dades de contacte per exercir els seus drets: <\/strong><\/span><span style=\"font-size:14px\">INTERHOSPITALIA 2 AIE<strong>. <\/strong>Cl Esla, 60 - 08223 Terrassa  (Barcelona). E-mail: info@interhospitalia.es<\/span><br \/>\r\n<br \/>\r\n<span style=\"font-size: 14px; text-align: justify;\">Per continuar, ha d&rsquo;acceptar que ha llegit i que est\u00e0 conforme amb la cl\u00e0usula anterior.<\/span><span style=\"text-align: justify;\"> <\/span><\/p>\r\n\r\n\r\n\t\t\t\t<\/div>\n\t\t\t\t<\/div>\n\t\t\t\t\t<\/div>\n\t\t\t\t<\/div>\n\t\t\t\t<\/div>\n\t\t","protected":false},"excerpt":{"rendered":"<p>FORMULARI: Consentiment per enviar un CURR\u00cdCULUM INFORMACI\u00d3 PER AL TRACTAMENT DE DADES PERSONALS AMB FINALITAT DE CANDIDAT A EMPLEAT INTERHOSPITALIA 2 AIE \u00e9s el Responsable del tractament de les dades personals de l&rsquo;interessat i l&rsquo;informa que aquestes dades es tractaran de conformitat [&hellip;]<\/p>\n","protected":false},"author":1,"featured_media":0,"parent":0,"menu_order":0,"comment_status":"closed","ping_status":"closed","template":"","meta":{"footnotes":""},"class_list":["post-6674","page","type-page","status-publish","hentry"],"_links":{"self":[{"href":"https:\/\/interhospitalia.es\/web\/wp-json\/wp\/v2\/pages\/6674","targetHints":{"allow":["GET"]}}],"collection":[{"href":"https:\/\/interhospitalia.es\/web\/wp-json\/wp\/v2\/pages"}],"about":[{"href":"https:\/\/interhospitalia.es\/web\/wp-json\/wp\/v2\/types\/page"}],"author":[{"embeddable":true,"href":"https:\/\/interhospitalia.es\/web\/wp-json\/wp\/v2\/users\/1"}],"replies":[{"embeddable":true,"href":"https:\/\/interhospitalia.es\/web\/wp-json\/wp\/v2\/comments?post=6674"}],"version-history":[{"count":7,"href":"https:\/\/interhospitalia.es\/web\/wp-json\/wp\/v2\/pages\/6674\/revisions"}],"predecessor-version":[{"id":6682,"href":"https:\/\/interhospitalia.es\/web\/wp-json\/wp\/v2\/pages\/6674\/revisions\/6682"}],"wp:attachment":[{"href":"https:\/\/interhospitalia.es\/web\/wp-json\/wp\/v2\/media?parent=6674"}],"curies":[{"name":"wp","href":"https:\/\/api.w.org\/{rel}","templated":true}]}}