{"id":6400,"date":"2024-03-28T10:59:16","date_gmt":"2024-03-28T09:59:16","guid":{"rendered":"https:\/\/interhospitalia.es\/web\/enviar-tique-2\/"},"modified":"2024-12-19T02:59:25","modified_gmt":"2024-12-19T01:59:25","slug":"enviar-tique-2","status":"publish","type":"page","link":"https:\/\/interhospitalia.es\/web\/enviar-tique-2\/","title":{"rendered":"Canal den\u00fancies \/ Portal alertes"},"content":{"rendered":"\t\t<div data-elementor-type=\"wp-page\" data-elementor-id=\"6400\" class=\"elementor elementor-6400\">\n\t\t\t\t<div class=\"elementor-element elementor-element-14f37d04 e-flex e-con-boxed e-con e-parent\" data-id=\"14f37d04\" data-element_type=\"container\" data-e-type=\"container\">\n\t\t\t\t\t<div class=\"e-con-inner\">\n\t\t\t\t<div class=\"elementor-element elementor-element-bfa10aa elementor-widget elementor-widget-heading\" data-id=\"bfa10aa\" data-element_type=\"widget\" data-e-type=\"widget\" data-widget_type=\"heading.default\">\n\t\t\t\t<div class=\"elementor-widget-container\">\n\t\t\t\t\t<h2 class=\"elementor-heading-title elementor-size-default\">Procediment B\u00fastia \u00c8tica - Interhospitalia 2 AIE<\/h2>\t\t\t\t<\/div>\n\t\t\t\t<\/div>\n\t\t\t\t<div class=\"elementor-element elementor-element-a82adb6 elementor-widget elementor-widget-image\" data-id=\"a82adb6\" data-element_type=\"widget\" data-e-type=\"widget\" data-widget_type=\"image.default\">\n\t\t\t\t<div class=\"elementor-widget-container\">\n\t\t\t\t\t\t\t\t\t\t\t\t\t\t\t\t<a href=\"https:\/\/interhospitalia.es\/web\/wp-content\/uploads\/2024\/04\/PROCEDIMENT-BUSTIA-ETICA.pdf\">\n\t\t\t\t\t\t\t<img decoding=\"async\" width=\"65\" height=\"100\" src=\"https:\/\/interhospitalia.es\/web\/wp-content\/uploads\/2024\/02\/icono-pdf.png\" class=\"attachment-thumbnail size-thumbnail wp-image-6150\" alt=\"\" \/>\t\t\t\t\t\t\t\t<\/a>\n\t\t\t\t\t\t\t\t\t\t\t\t\t\t\t<\/div>\n\t\t\t\t<\/div>\n\t\t\t\t<div class=\"elementor-element elementor-element-dda34e7 elementor-widget-divider--view-line elementor-widget elementor-widget-divider\" data-id=\"dda34e7\" data-element_type=\"widget\" data-e-type=\"widget\" data-widget_type=\"divider.default\">\n\t\t\t\t<div class=\"elementor-widget-container\">\n\t\t\t\t\t\t\t<div class=\"elementor-divider\">\n\t\t\t<span class=\"elementor-divider-separator\">\n\t\t\t\t\t\t<\/span>\n\t\t<\/div>\n\t\t\t\t\t\t<\/div>\n\t\t\t\t<\/div>\n\t\t\t\t<div class=\"elementor-element elementor-element-61826bee elementor-widget elementor-widget-shortcode\" data-id=\"61826bee\" data-element_type=\"widget\" data-e-type=\"widget\" data-widget_type=\"shortcode.default\">\n\t\t\t\t<div class=\"elementor-widget-container\">\n\t\t\t\t\t\t\t<div class=\"elementor-shortcode\"><div class=\"wpas\">\n<div class=\"wpas wpas-login-register\">\n\t\n<form class=\"wpas-form-guest-ticket\" id=\"wpas_form_anonymous_guest_login\" method=\"post\" action=\"https:\/\/interhospitalia.es\/web\/enviar-tique-2\/\">\n\n    <input type=\"hidden\" name=\"form-action\" value=\"register\" \/>\n\n    <h3>1.- Enviar la den\u00fancia de manera totalment an\u00f2nima<\/h3>\n\t<h5>Fent clic a aquest bot\u00f3 pots enviar la teva den\u00fancia an\u00f2nimament, per veure el nostre procediment an\u00f2nim, consulta el pdf<\/h5>\n\n        <div class=\"wpas_gt_anonymous_email_div\" style=\"display:none;\">\n        <div class=\"wpas-form-group\" id=\"wpas_gt_anonymous_email_wrapper\"><label for='wpas_gt_anonymous_email'>E-mail Address<\/label><input type=\"email\" value=\"gas1776377075anonymous@awesomesupport.com\" id='wpas_gt_anonymous_email' class='wpas-form-control' name='wpas_gt_anonymous_email' placeholder='E-mail address'><\/div><input type=\"hidden\" name=\"ticket_id\" value=\"6400\" \/>    <\/div>\n        \n    <div id=\"wpas_gt_info_div\"><\/div>\n    \n        \n    <div class=\"wpas_gt_anonymous_password_div\" style=\"display:none;\">\n        <div class=\"wpas-form-group\" id=\"wpas_gt_anonymous_pass_wrapper\"><label for='wpas_gt_anonymous_pass'>Password<\/label><input type=\"password\" value=\"\" autocomplete=\"off\" id='wpas_gt_anonymous_pass' class='wpas-form-control' name='wpas_gt_anonymous_pass' placeholder='Password'><\/div><input type=\"hidden\" name=\"ticket_id\" value=\"6400\" \/>    <\/div>\n    \n       \n    \n    <div class=\"wpas_gt_guest_div\">\n        <button type=\"submit\" class=\"wpas-btn wpas-btn-default\" name=\"guest-register\" id=\"wpas-gt-guest-login\">Enviar com a usuari an\u00f2nim<\/button>\n    <\/div>\n\n    <div class=\"wpas_gt_login_div\" style=\"display:none;\">\n        <button type=\"submit\" class=\"wpas-btn wpas-btn-default\" name=\"guest-login\" id=\"wpas-gt-guest-register\">Log In<\/button>\n    <\/div>\n\n    \n    \n\n    <div id=\"wpas_gt_status_div\"><\/div>\n\n<\/form>\n\t<form class=\"wpas-form\" id=\"wpas_form_login\" method=\"post\" role=\"form\" action=\"https:\/\/interhospitalia.es\/web\/enviar-tique-2\/\">\n\t\t<h3>Iniciar sessi\u00f3<\/h3>\n\n\t\t<div class=\"wpas-form-group\" id=\"wpas_log_wrapper\"><label for='wpas_log'>Correu electr\u00f2nic o nom d&#039;usuari<\/label><input type=\"text\" value=\"\" id='wpas_log' class='wpas-form-control' name='wpas_log'><\/div><input type=\"hidden\" name=\"ticket_id\" value=\"6400\" \/><div class=\"wpas-form-group\" id=\"wpas_pwd_wrapper\"><label for='wpas_pwd'>Contrasenya<\/label><input type=\"password\" value=\"\" autocomplete=\"off\" id='wpas_pwd' class='wpas-form-control' name='wpas_pwd' placeholder='Contrasenya' required spellcheck='false'><\/div><input type=\"hidden\" name=\"ticket_id\" value=\"6400\" \/><div class=\"wpas-form-group\" id=\"wpas_rememberme_wrapper\"><div class='wpas-checkbox'><label><input type='checkbox' name='wpas_rememberme[]' value='1'> Recorda\u2019m<\/label><\/div><\/div><input type=\"hidden\" name=\"ticket_id\" value=\"6400\" \/><input type=\"hidden\" name=\"wpas-do\" value=\"login\"><input type=\"hidden\" id=\"wpas-do-nonce-login\" name=\"wpas-do-nonce\" value=\"3af3926898\" \/><input type=\"hidden\" name=\"_wp_http_referer\" value=\"\/web\/wp-json\/wp\/v2\/pages\/6400\" \/><input type=\"hidden\" name=\"redirect_to\" value=\"https:\/\/interhospitalia.es\/web\/enviar-tique-2\/\"><button type=\"submit\" class=\"wpas-btn wpas-btn-default\" name=\"submit\" value=\"\" data-onsubmit=&#039;Inici de sessi\u00f3 en ...&#039;>Iniciar sessi\u00f3<\/button><a href=\"https:\/\/interhospitalia.es\/web\/wp-login.php?action=lostpassword&#038;redirect_to=https%3A%2F%2Finterhospitalia.es%2Fweb%2Fels-meus-tiquets%2F\" class=\"wpas-forgot-password-link\">Has oblidat la contrasenya?<\/a>\t<\/form>\n\n\t\n\t\t<form class=\"wpas-form\" id=\"wpas_form_registration\" method=\"post\" action=\"https:\/\/interhospitalia.es\/web\/enviar-tique-2\/\">\n\t\t\t<h3>Registra\u2019t<\/h3>\n\n\t\t\t<div class=\"wpas-form-group\" id=\"wpas_first_name_wrapper\"><label for='wpas_first_name'>Nom<\/label><input type=\"text\" value=\"\" id='wpas_first_name' class='wpas-form-control' name='wpas_first_name' placeholder='Nom' required><\/div><input type=\"hidden\" name=\"ticket_id\" value=\"6400\" \/><div class=\"wpas-form-group\" id=\"wpas_last_name_wrapper\"><label for='wpas_last_name'>Cognoms<\/label><input type=\"text\" value=\"\" id='wpas_last_name' class='wpas-form-control' name='wpas_last_name' placeholder='Cognoms' required><\/div><input type=\"hidden\" name=\"ticket_id\" value=\"6400\" \/><div class=\"wpas-form-group\" id=\"wpas_email_wrapper\"><label for='wpas_email'>Correu<\/label><input type=\"email\" value=\"\" id='wpas_email' class='wpas-form-control' name='wpas_email' placeholder='Correu' required spellcheck='false'><\/div><input type=\"hidden\" name=\"ticket_id\" value=\"6400\" \/><div class=\"wpas-form-group\" id=\"wpas_password_wrapper\"><label for='wpas_password'>Introduir una clau<\/label><input type=\"password\" value=\"\" autocomplete=\"off\" id='wpas_password' class='wpas-form-control' name='wpas_password' placeholder='Contrasenya' required spellcheck='false'><\/div><input type=\"hidden\" name=\"ticket_id\" value=\"6400\" \/><div class=\"wpas-form-group\" id=\"wpas_pwdshow_wrapper\"><div class='wpas-checkbox'><label><input type='checkbox' name='wpas_pwdshow[]' value='1'> Veure contrasenya<\/label><\/div><\/div><input type=\"hidden\" name=\"ticket_id\" value=\"6400\" \/><input type=\"hidden\" name=\"wpas-do\" value=\"register\"><input type=\"hidden\" id=\"wpas-do-nonce-register\" name=\"wpas-do-nonce\" value=\"99e8b17cad\" \/><input type=\"hidden\" name=\"_wp_http_referer\" value=\"\/web\/wp-json\/wp\/v2\/pages\/6400\" \/><input type=\"hidden\" name=\"redirect_to\" value=\"https:\/\/interhospitalia.es\/web\/enviar-tique-2\/\"><input type=\"hidden\" id=\"user_registration\" name=\"user_registration\" value=\"f78fcd167b\" \/><button type=\"submit\" class=\"wpas-btn wpas-btn-default\" name=\"submit\" value=\"\" data-onsubmit=&#039;Creant un Compte\u2026&#039;>Crear Compte<\/button>\t\t<\/form>\n\t<\/div>\n\n\t<\/div>\n\n\t<\/div>\n\t\t\t\t\t\t<\/div>\n\t\t\t\t<\/div>\n\t\t\t\t<div class=\"elementor-element elementor-element-3c539b0 elementor-widget elementor-widget-html\" data-id=\"3c539b0\" data-element_type=\"widget\" data-e-type=\"widget\" data-widget_type=\"html.default\">\n\t\t\t\t<div class=\"elementor-widget-container\">\n\t\t\t\t\t<hr>\t\t\t\t<\/div>\n\t\t\t\t<\/div>\n\t\t\t\t\t<\/div>\n\t\t\t\t<\/div>\n\t\t<div class=\"elementor-element elementor-element-49d9b60 e-flex e-con-boxed e-con e-parent\" data-id=\"49d9b60\" data-element_type=\"container\" data-e-type=\"container\">\n\t\t\t\t\t<div class=\"e-con-inner\">\n\t\t\t\t\t<\/div>\n\t\t\t\t<\/div>\n\t\t<div class=\"elementor-element elementor-element-2e67d36 e-flex e-con-boxed e-con e-parent\" data-id=\"2e67d36\" data-element_type=\"container\" data-e-type=\"container\">\n\t\t\t\t\t<div class=\"e-con-inner\">\n\t\t\t\t\t<\/div>\n\t\t\t\t<\/div>\n\t\t\t\t<\/div>\n\t\t","protected":false},"excerpt":{"rendered":"<p>Procediment B\u00fastia \u00c8tica &#8211; Interhospitalia 2 AIE 1.- Enviar la den\u00fancia de manera totalment an\u00f2nima Fent clic a aquest bot\u00f3 pots enviar la teva den\u00fancia an\u00f2nimament, per veure el nostre procediment an\u00f2nim, consulta el pdf E-mail Address Password Enviar com a usuari [&hellip;]<\/p>\n","protected":false},"author":1,"featured_media":0,"parent":0,"menu_order":0,"comment_status":"closed","ping_status":"closed","template":"","meta":{"footnotes":""},"class_list":["post-6400","page","type-page","status-publish","hentry"],"_links":{"self":[{"href":"https:\/\/interhospitalia.es\/web\/wp-json\/wp\/v2\/pages\/6400","targetHints":{"allow":["GET"]}}],"collection":[{"href":"https:\/\/interhospitalia.es\/web\/wp-json\/wp\/v2\/pages"}],"about":[{"href":"https:\/\/interhospitalia.es\/web\/wp-json\/wp\/v2\/types\/page"}],"author":[{"embeddable":true,"href":"https:\/\/interhospitalia.es\/web\/wp-json\/wp\/v2\/users\/1"}],"replies":[{"embeddable":true,"href":"https:\/\/interhospitalia.es\/web\/wp-json\/wp\/v2\/comments?post=6400"}],"version-history":[{"count":14,"href":"https:\/\/interhospitalia.es\/web\/wp-json\/wp\/v2\/pages\/6400\/revisions"}],"predecessor-version":[{"id":6781,"href":"https:\/\/interhospitalia.es\/web\/wp-json\/wp\/v2\/pages\/6400\/revisions\/6781"}],"wp:attachment":[{"href":"https:\/\/interhospitalia.es\/web\/wp-json\/wp\/v2\/media?parent=6400"}],"curies":[{"name":"wp","href":"https:\/\/api.w.org\/{rel}","templated":true}]}}