{"id":6203,"date":"2024-02-16T05:51:25","date_gmt":"2024-02-16T05:51:25","guid":{"rendered":"https:\/\/interhospitalia.es\/web\/?page_id=6203"},"modified":"2024-04-26T11:40:51","modified_gmt":"2024-04-26T10:40:51","slug":"aviso-legal","status":"publish","type":"page","link":"https:\/\/interhospitalia.es\/web\/aviso-legal\/","title":{"rendered":"Av\u00eds Legal"},"content":{"rendered":"\t\t<div data-elementor-type=\"wp-page\" data-elementor-id=\"6203\" class=\"elementor elementor-6203\">\n\t\t\t\t<div class=\"elementor-element elementor-element-aa1b807 e-flex e-con-boxed e-con e-parent\" data-id=\"aa1b807\" data-element_type=\"container\" data-e-type=\"container\">\n\t\t\t\t\t<div class=\"e-con-inner\">\n\t\t\t\t<div class=\"elementor-element elementor-element-a4a0929 elementor-widget elementor-widget-html\" data-id=\"a4a0929\" data-element_type=\"widget\" data-e-type=\"widget\" data-widget_type=\"html.default\">\n\t\t\t\t<div class=\"elementor-widget-container\">\n\t\t\t\t\t\r\n<h2 style=\"text-align:center;\">WEB: Av\u00eds legal<\/h2><div>&nbsp;<\/div><div>&nbsp;<\/div>\r\n\r\n<div style=\"text-align: justify;\"><\/div>\r\n\r\n<div style=\"text-align: center;\"><span style=\"font-size:14px\"><strong>LLEI DELS SERVEIS DE LA SOCIETAT DE LA INFORMACI\u00d3 (LSSI)<\/strong><\/span><\/div>\r\n\r\n<div>\r\n<div>&nbsp;<\/div><div>&nbsp;<\/div>\r\n\r\n<p style=\"text-align: justify;\"><span style=\"font-size:14px\">INTERHOSPITALIA 2 AIE, responsable del lloc web, d&rsquo;ara endavant el RESPONSABLE, posa a disposici\u00f3 dels usuaris aquest document, amb el qual pret\u00e9n fer complir les obligacions que estableix la Llei 34\/2002, de 11 de juliol, de Serveis de la Societat de la Informaci\u00f3 i de Comer\u00e7 Electr\u00f2nic (LSSICE), BOE N.&ordm; 166, aix\u00ed com informar tots els usuaris del lloc web sobre quines s\u00f3n les condicions d&rsquo;\u00fas.<\/span><\/p>\r\n\r\n<div style=\"text-align: justify;\"><span style=\"font-size:14px\">Qualsevol persona que accedeixi a aquest lloc web assumeix el paper d&rsquo;usuari i es compromet a l&rsquo;observan\u00e7a i compliment rigor\u00f3s de les disposicions que s&rsquo;hi estableixen, aix\u00ed com a qualsevol altra disposici\u00f3 legal s&rsquo;hi apliqui. <\/span><\/div>\r\n\r\n<p style=\"text-align: justify;\"><span style=\"font-size:14px\">INTERHOSPITALIA 2 AIE es reserva el dret de modificar qualsevol tipus d&rsquo;informaci\u00f3 que pugui apar\u00e8ixer al lloc web, sense l&rsquo;obligaci\u00f3 de preavisar o assabentar els usuaris d&rsquo;aquestes obligacions, at\u00e8s que es considera suficient la publicaci\u00f3 al lloc web de INTERHOSPITALIA 2 AIE.<\/span><\/p>\r\n\r\n<p><span style=\"font-size:14px\"><br \/>\r\n<strong>1. DADES IDENTIFICADORES<\/strong><\/span><\/p>\r\n\r\n<p><span style=\"font-size:14px\">Nom del domini: interhospitalia.es<br \/>\r\nNom comercial: INTERHOSPITALIA<br \/>\r\nDenominaci\u00f3 social: INTERHOSPITALIA 2 AIE<br \/>\r\nNIF: V60857059<br \/>\r\nDomicili social: Cl Esla, 60    08223 Terrassa  (Barcelona)<br \/>\r\nTel\u00e8fon: 937854362<br \/>\r\ne-mail: info@interhospitalia.es<br \/>\r\nInscrita al Registre (Mercantil \/ P\u00fablic): REGISTRO MERCANTIL DE BARCELONA TOMO 28591 FOLIO 150 N\u00ba HOJA B-114169 INSCRIPCI\u00d3N 1\u00aa<\/span><\/p>\r\n<\/div>\r\n\r\n<div><\/div>\r\n\r\n<div><span style=\"font-size:14px\"><strong>2. DRETS DE PROPIETAT INTEL&middot;LECTUAL I INDUSTRIAL<\/strong><\/span><\/div>\r\n\r\n<div><\/div>\r\n\r\n<div>\r\n<div style=\"text-align: justify;\"><span style=\"font-size:14px\">El lloc web, incloent a t\u00edtol enunciatiu per\u00f2 no limitatiu la seva programaci\u00f3, edici\u00f3, compilaci\u00f3 i altres elements necessaris per al seu funcionament, els dissenys, logotips, text i\/o gr\u00e0fics, s\u00f3n propietat del RESPONSABLE o, si \u00e9s el cas, disposa de llic\u00e8ncia o autoritzaci\u00f3 expressa per part dels autors. Tots els continguts del lloc web es troben degudament protegits per la normativa de propietat intel&middot;lectual i industrial, aix\u00ed com inscrits en els registres p\u00fablics corresponents. <\/span><\/div>\r\n\r\n<div style=\"text-align: justify;\"><\/div>\r\n\r\n<div style=\"text-align: justify;\"><span style=\"font-size:14px\">Independentment de la finalitat per a la qual fossin destinats, la reproducci\u00f3 total o parcial, \u00fas, explotaci\u00f3, distribuci\u00f3 i comercialitzaci\u00f3, requereix en tot cas l&rsquo;autoritzaci\u00f3 escrita pr\u00e8via per part del RESPONSABLE. Qualsevol \u00fas no autoritzat pr\u00e8viament es considera un incompliment greu dels drets de propietat intel&middot;lectual o industrial de l&rsquo;autor. <\/span><\/div>\r\n\r\n<div style=\"text-align: justify;\"><\/div>\r\n\r\n<div style=\"text-align: justify;\"><span style=\"font-size:14px\">Els dissenys, logotips, text i\/o gr\u00e0fics aliens al RESPONSABLE i que puguin apar\u00e8ixer al lloc web, pertanyen als seus respectius propietaris, els quals s\u00f3n responsables de qualsevol possible controv\u00e8rsia que se&rsquo;n pugui desprendre. El RESPONSABLE autoritza expressament que tercers puguin redirigir directament als continguts concrets del lloc web, i en tot cas redirigir al lloc web principal de interhospitalia.es. <\/span><\/div>\r\n\r\n<div style=\"text-align: justify;\"><\/div>\r\n\r\n<div style=\"text-align: justify;\"><span style=\"font-size:14px\"> El RESPONSABLE reconeix a favor dels seus titulars els corresponents drets de propietat intel&middot;lectual i industrial, sense implicar el seu sol esment o aparici\u00f3 al lloc web l&rsquo;exist\u00e8ncia de drets o responsabilitat sobre aquests, ni el suport, patrocini o recomanaci\u00f3 per part del RESPONSABLE.<br \/>\r\n<br \/>\r\nPer a efectuar qualsevol tipus d&rsquo;observaci\u00f3 pel que fa a possibles incompliments dels drets de propietat intel&middot;lectual o industrial, aix\u00ed com sobre qualsevol dels continguts del lloc web, podeu fer-ho a trav\u00e9s del correu electr\u00f2nic info@interhospitalia.es.<\/span><br \/>\r\n <\/div>\r\n<\/div>\r\n\r\n<div style=\"text-align: justify;\"><span style=\"font-size:14px\"><strong>3. EXEMPCI\u00d3 DE RESPONSABILITATS<\/strong><\/span><\/div>\r\n\r\n<div style=\"text-align: justify;\"><\/div>\r\n\r\n<div style=\"text-align: justify;\"><span style=\"font-size:14px\">El RESPONSABLE s&rsquo;eximeix de qualsevol tipus de responsabilitat derivada de la informaci\u00f3 publicada al seu lloc web en cas que aquesta informaci\u00f3 hagi estat manipulada o introdu\u00efda per un tercer ali\u00e8 al RESPONSABLE.<\/span><\/div>\r\n\r\n<div style=\"text-align: justify;\"><\/div>\r\n\r\n<div style=\"text-align: justify;\"><span style=\"font-size:14px\"><strong>\u00das de <i>Cookies<\/i><\/strong><\/span><\/div>\r\n\r\n<div style=\"text-align: justify;\"><\/div>\r\n\r\n<div>\r\n<div style=\"text-align: justify;\"><span style=\"font-size:14px\">Pot ser que aquest lloc web utilitzi <i>cookies<\/i> t\u00e8cniques (petits arxius d&rsquo;informaci\u00f3 que el servidor envia a l&rsquo;ordinador de qui accedeix a la p\u00e0gina) per dur a terme determinades funcions que es consideren imprescindibles per al correcte funcionament i visualitzaci\u00f3 del web. Les <i>cookies<\/i> utilitzades tenen, en qualsevol cas, car\u00e0cter temporal, amb l&rsquo;\u00fanica finalitat de fer que la navegaci\u00f3 sigui m\u00e9s eficient, i desapareixen en finalitzar la sessi\u00f3 de l&rsquo;usuari. En cap cas, aquestes <i>cookies<\/i> no proporcionen per si mateixes dades de car\u00e0cter personal i no s&rsquo;utilitzaran per a recollir dades d&rsquo;aquest tipus. <\/span><\/div>\r\n\r\n<div style=\"text-align: justify;\"><\/div>\r\n\r\n<div style=\"text-align: justify;\"><span style=\"font-size:14px\">Mitjan\u00e7ant l&rsquo;\u00fas de <i>cookies<\/i> tamb\u00e9 \u00e9s possible que el servidor on es troba la web reconegui el navegador que utilitza l&rsquo;usuari, amb la finalitat que la navegaci\u00f3 sigui m\u00e9s senzilla, tot permetent, per exemple, l&rsquo;acc\u00e9s dels usuaris que s&rsquo;hagin registrat pr\u00e8viament a les \u00e0rees, serveis, promocions o concursos reservats exclusivament a ells sense haver de registrar-se a cada visita. Tamb\u00e9 es poden utilitzar per a mesurar l&rsquo;audi\u00e8ncia, par\u00e0metres de tr\u00e0nsit, controlar el progr\u00e9s i el nombre d&rsquo;entrades, etc. En aquests casos, les <i>cookies<\/i> s\u00f3n prescindibles t\u00e8cnicament per\u00f2 beneficioses per a l&rsquo;usuari. Aquest lloc web no instal&middot;lar\u00e0 <i>cookies<\/i> prescindibles sense el consentiment previ de l&rsquo;usuari.<\/span><br \/>\r\n <\/div>\r\n\r\n<div style=\"text-align: justify;\"><span style=\"font-size:14px\">L&rsquo;usuari t\u00e9 la possibilitat de configurar el seu navegador per a ser alertat de la recepci\u00f3 de <i>cookies<\/i> i per impedir-ne la instal&middot;laci\u00f3 al seu equip. Si us plau, consulteu les instruccions del vostre navegador per a ampliar aquesta informaci\u00f3.<\/span><br \/>\r\n <\/div>\r\n<\/div>\r\n\r\n<div style=\"text-align: justify;\"><span style=\"font-size:14px\"><strong>Pol\u00edtica d&rsquo;enlla\u00e7os<\/strong><\/span><\/div>\r\n\r\n<div>\r\n<div style=\"text-align: justify;\"><\/div>\r\n\r\n<div style=\"text-align: justify;\"><span style=\"font-size:14px\">Des del lloc web, \u00e9s possible que es redirigeixi a continguts de tercers llocs web. At\u00e8s que el RESPONSABLE no pot controlar sempre els continguts introdu\u00efts per tercers en els seus llocs web respectius, no assumeix cap tipus de responsabilitat respecte d&rsquo;aquests continguts. En qualsevol cas, retirar\u00e0 immediatament qualsevol contingut que pugui transgredir la legislaci\u00f3 nacional o internacional, la moral o l&rsquo;ordre p\u00fablic, tot retirant immediatament la redirecci\u00f3 a aquest lloc web i assabentant les autoritats competents del contingut en q\u00fcesti\u00f3. <\/span><\/div>\r\n\r\n<div style=\"text-align: justify;\"><\/div>\r\n\r\n<div style=\"text-align: justify;\"><span style=\"font-size:14px\">El RESPONSABLE no es fa responsable de la informaci\u00f3 i continguts emmagatzemats, a t\u00edtol enunciatiu per\u00f2 no limitatiu, a f\u00f2rums, xats, generadors de blogs, comentaris, xarxes socials o qualsevol altre mitj\u00e0 que permeti a tercers publicar continguts de manera independent en la p\u00e0gina web del RESPONSABLE. Aix\u00f2 no obstant, i en compliment del que estableixen als articles 11 i 16 de la LSSICE, es posa a disposici\u00f3 de tots els usuaris, autoritats i forces de seguretat que col&middot;laboren de manera activa en la retirada o, si escau, bloqueig de tots els continguts que puguin afectar o transgredir la legislaci\u00f3 nacional o internacional, els drets de tercers o la moral i l&rsquo;ordre p\u00fablic. En cas que l&rsquo;usuari consideri que el lloc web cont\u00e9 material que pugui ser susceptible d&rsquo;aquesta classificaci\u00f3, li preguem que ho notifiqui immediatament a l&rsquo;administrador del lloc web. <\/span><\/div>\r\n\r\n<div style=\"text-align: justify;\"><\/div>\r\n\r\n<div style=\"text-align: justify;\"><span style=\"font-size:14px\">Aquest lloc web s&rsquo;ha revisat i provat perqu\u00e8 funcioni correctament. En principi, es pot garantir que funcionar\u00e0 correctament els 365 dies de l&rsquo;any i les 24 hores al dia. Aix\u00f2 no obstant, el RESPONSABLE no descarta la possibilitat que es produeixin errors de programaci\u00f3, o que hi tinguin lloc causes de for\u00e7a major, cat\u00e0strofes naturals, vagues o circumst\u00e0ncies similars que facin impossible l&rsquo;acc\u00e9s a la p\u00e0gina web.<\/span><br \/>\r\n <\/div>\r\n<\/div>\r\n\r\n<div style=\"text-align: justify;\"><span style=\"font-size:14px\"><strong>Adreces IP<\/strong><\/span><\/div>\r\n\r\n<div style=\"text-align: justify;\"><\/div>\r\n\r\n<div style=\"text-align: justify;\"><span style=\"font-size:14px\">Els servidors del lloc web podran detectar autom\u00e0ticament l&rsquo;adre\u00e7a IP i el nom del domini utilitzats per l&rsquo;usuari. Una adre\u00e7a IP \u00e9s un n\u00famero assignat autom\u00e0ticament a un ordinador aix\u00ed que es connecta a Internet. Tota aquesta informaci\u00f3 queda registrada en un fitxer d&rsquo;activitat del servidor que permet processar les dades posteriorment per tal d&rsquo;obtenir mesuratges \u00fanicament estad\u00edstics que permetin con\u00e8ixer el nombre d&rsquo;impressions de p\u00e0gines, el nombre de visites efectuades als servidors web, l&rsquo;ordre de visites, el punt d&rsquo;acc\u00e9s, etc.<\/span><\/div>\r\n\r\n<div style=\"text-align: justify;\"><\/div>\r\n\r\n<div style=\"text-align: justify;\"><span style=\"font-size:14px\"><strong>4. LLEI APLICABLE I JURISDICCI\u00d3<\/strong><\/span><\/div>\r\n\r\n<div style=\"text-align: justify;\"><\/div>\r\n\r\n<div style=\"text-align: justify;\"><span style=\"font-size:14px\">Per a la resoluci\u00f3 de totes les controv\u00e8rsies o q\u00fcestions relacionades amb aquest lloc web o de les activitats que s&rsquo;hi duen a terme, s&rsquo;aplicar\u00e0 la legislaci\u00f3 espanyola, a la qual se sotmeten expressament les parts, els quals tindran compet\u00e8ncia suficient per a la resoluci\u00f3 de tots els conflictes derivats o relacionats amb el seu \u00fas els Jutjats i Tribunals m\u00e9s propers a Terrassa.<\/span><\/div>\r\n\t\t\t\t<\/div>\n\t\t\t\t<\/div>\n\t\t\t\t\t<\/div>\n\t\t\t\t<\/div>\n\t\t\t\t<\/div>\n\t\t","protected":false},"excerpt":{"rendered":"<p>WEB: Av\u00eds legal &nbsp;&nbsp; LLEI DELS SERVEIS DE LA SOCIETAT DE LA INFORMACI\u00d3 (LSSI) &nbsp;&nbsp; INTERHOSPITALIA 2 AIE, responsable del lloc web, d&rsquo;ara endavant el RESPONSABLE, posa a disposici\u00f3 dels usuaris aquest document, amb el qual pret\u00e9n fer complir les obligacions que [&hellip;]<\/p>\n","protected":false},"author":1,"featured_media":0,"parent":0,"menu_order":0,"comment_status":"closed","ping_status":"closed","template":"","meta":{"footnotes":""},"class_list":["post-6203","page","type-page","status-publish","hentry"],"_links":{"self":[{"href":"https:\/\/interhospitalia.es\/web\/wp-json\/wp\/v2\/pages\/6203","targetHints":{"allow":["GET"]}}],"collection":[{"href":"https:\/\/interhospitalia.es\/web\/wp-json\/wp\/v2\/pages"}],"about":[{"href":"https:\/\/interhospitalia.es\/web\/wp-json\/wp\/v2\/types\/page"}],"author":[{"embeddable":true,"href":"https:\/\/interhospitalia.es\/web\/wp-json\/wp\/v2\/users\/1"}],"replies":[{"embeddable":true,"href":"https:\/\/interhospitalia.es\/web\/wp-json\/wp\/v2\/comments?post=6203"}],"version-history":[{"count":13,"href":"https:\/\/interhospitalia.es\/web\/wp-json\/wp\/v2\/pages\/6203\/revisions"}],"predecessor-version":[{"id":6667,"href":"https:\/\/interhospitalia.es\/web\/wp-json\/wp\/v2\/pages\/6203\/revisions\/6667"}],"wp:attachment":[{"href":"https:\/\/interhospitalia.es\/web\/wp-json\/wp\/v2\/media?parent=6203"}],"curies":[{"name":"wp","href":"https:\/\/api.w.org\/{rel}","templated":true}]}}