{"id":6196,"date":"2024-02-16T05:49:36","date_gmt":"2024-02-16T05:49:36","guid":{"rendered":"https:\/\/interhospitalia.es\/web\/?page_id=6196"},"modified":"2024-04-26T12:02:54","modified_gmt":"2024-04-26T11:02:54","slug":"politica-cookies","status":"publish","type":"page","link":"https:\/\/interhospitalia.es\/web\/politica-cookies\/","title":{"rendered":"Pol\u00edtica de Cookies"},"content":{"rendered":"\t\t<div data-elementor-type=\"wp-page\" data-elementor-id=\"6196\" class=\"elementor elementor-6196\">\n\t\t\t\t<div class=\"elementor-element elementor-element-aa1b807 e-flex e-con-boxed e-con e-parent\" data-id=\"aa1b807\" data-element_type=\"container\" data-e-type=\"container\">\n\t\t\t\t\t<div class=\"e-con-inner\">\n\t\t\t\t<div class=\"elementor-element elementor-element-a4a0929 elementor-widget elementor-widget-html\" data-id=\"a4a0929\" data-element_type=\"widget\" data-e-type=\"widget\" data-widget_type=\"html.default\">\n\t\t\t\t<div class=\"elementor-widget-container\">\n\t\t\t\t\t\r\n<h2 style=\"text-align:center;\">POL\u00cdTICA DE COOKIES<\/h2><p style=\"text-align: center;\"><strong>INFORMACI\u00d3 SOBRE COOKIES<\/strong><\/p>\r\n\r\n<p style=\"text-align: justify;\">D&rsquo;acord amb la Llei 34\/2002, de 11 de juliol, de serveis de la societat de la informaci\u00f3 i de comer\u00e7 electr\u00f2nic (LSSI), en relaci\u00f3 amb el Reglament (UE) 2016\/679 de el Parlament Europeu i de Consell, de 27 de abril de 2016, General de Protecci\u00f3 de Dades (GDPR) i la Llei Org\u00e0nica 3\/2018, de 5 de desembre, de Protecci\u00f3 de Dades i Garantia dels Drets Digitals (LOPDGDD), \u00e9s obligat obtenir el consentiment expr\u00e9s de l&rsquo;usuari de totes les p\u00e0gines web que fan servir cookies prescindibles, abans que aquest navegui per elles.<\/p>\r\n\r\n<p style=\"text-align: center;\"><strong>QU\u00c8 S\u00d3N LES COOKIES?<\/strong><\/p>\r\n\r\n<p style=\"text-align: justify;\">Les <em>cookies <\/em>i altres tecnologies similars com ara local shared objects, flash <em>cookies<\/em> o p\u00edxels, s\u00f3n eines emprades pels servidors Web per emmagatzemar i recuperar informaci\u00f3 sobre els seus visitants, aix\u00ed com per oferir un correcte funcionament del lloc.<\/p>\r\n\r\n<p style=\"text-align: justify;\">Mitjan\u00e7ant l&rsquo;\u00fas d&rsquo;aquests dispositius es permet al servidor Web recordar algunes dades referents a l&rsquo;usuari, com les seves prefer\u00e8ncies per a la visualitzaci\u00f3 de les p\u00e0gines d&rsquo;aquest servidor, nom i contrasenya, productes que m\u00e9s li interessen, etc.<\/p>\r\n\r\n<p style=\"text-align: center;\"><em><strong>COOKIES <\/strong><\/em><strong>AFECTADES PER LA NORMATIVA I COOKIES EXCEPTUADES<\/strong><\/p>\r\n\r\n<p style=\"text-align: justify;\">Segons la directiva de la UE, les <em>cookies <\/em>que requereixen el consentiment informat per part de l&rsquo;usuari s\u00f3n les <em>cookies <\/em>anal\u00edtiques i les de publicitat i afiliaci\u00f3, i queden exceptuades les de car\u00e0cter t\u00e8cnic i les necess\u00e0ries per al funcionament del lloc web o la prestaci\u00f3 de serveis expressament sol&middot;licitats per l&rsquo;usuari.<\/p>\r\n\r\n<p style=\"text-align: center;\"><strong>TIPUS DE COOKIES<\/strong><\/p>\r\n\r\n<div style=\"text-align: justify;\"><strong>SEGONS LA FINALITAT<\/strong> \r\n\r\n<ul>\r\n\t<li><strong><em>Cookies <\/em><\/strong><strong>t\u00e8cniques i funcionals<\/strong>: s\u00f3n les que permeten a l&rsquo;usuari navegar a trav\u00e9s d&rsquo;una p\u00e0gina web, plataforma o aplicaci\u00f3 i utilitzar les diferents opcions o serveis que hi hagi<em>.<\/em> <\/li>\r\n\t<li><strong><em>Cookies <\/em><\/strong><strong>d&rsquo;an\u00e0lisi<\/strong>: s\u00f3n les que permeten al responsable d&rsquo;aquestes monitoritzar i analitzar el comportament dels usuaris dels llocs web als quals estan vinculats. La informaci\u00f3 recollida mitjan\u00e7ant aquest tipus de <em>cookies<\/em> s&rsquo;utilitza en el mesurament de l&rsquo;activitat dels llocs web, aplicaci\u00f3 o plataforma i per elaborar perfils de navegaci\u00f3 dels usuaris d&rsquo;aquests llocs, aplicacions i plataformes, per tal d&rsquo;introduir millores en funci\u00f3 de l&rsquo;an\u00e0lisi de les dades d&rsquo;\u00fas que fan els usuaris del servei.<\/li>\r\n\t<li> <strong><em>Cookies<\/em><\/strong> <strong>publicit\u00e0ries:<\/strong> s\u00f3n aquelles que permeten gestionar, de la manera m\u00e9s efica\u00e7 possible, els espais publicitaris que, si escau, l&rsquo;editor hagi incl\u00f2s en una p\u00e0gina web, aplicaci\u00f3 o plataforma des de la qual presta el servei sol&middot;licitat segons criteris com el contingut editat o la freq\u00fc\u00e8ncia en qu\u00e8 es mostren els anuncis. <\/li>\r\n\t<li><strong><em>Cookies <\/em><\/strong><strong>de publicitat comportamental<\/strong>: recullen informaci\u00f3 sobre les prefer\u00e8ncies i eleccions personals de l&rsquo;usuari (<em>retargeting<\/em>) per permetre gestionar, de la manera m\u00e9s efica\u00e7 possible, els espais publicitaris que, si escau, l&rsquo;editor hagi incl\u00f2s en una p\u00e0gina web, aplicaci\u00f3 o plataforma des de la qual presta el servei sol&middot;licitat.<\/li>\r\n\t<li><strong><em>Cookies <\/em><\/strong><strong>socials<\/strong>: s\u00f3n aquelles que han estat instal&middot;lades per les plataformes de xarxes socials en els serveis per permetre-us compartir contingut amb els vostres amics i xarxes. Les plataformes de mitjans socials tenen la capacitat de rastrejar la vostra activitat en l\u00ednia fora dels Serveis. Aix\u00f2 pot afectar el contingut i els missatges que veieu en altres serveis que visiteu.<\/li>\r\n\t<li> <strong><em>Cookies <\/em>d&rsquo;afiliats<\/strong>: permeten fer un seguiment de les visites procedents d&rsquo;altres webs, amb les quals el lloc web estableix un contracte d&rsquo;afiliaci\u00f3 (empreses d&rsquo;afiliaci\u00f3).<\/li>\r\n\t<li><strong><em>Cookies <\/em><\/strong><strong>de seguretat<\/strong>: emmagatzemen informaci\u00f3 xifrada per evitar que les dades que s&rsquo;hi guarden siguin vulnerables a atacs maliciosos de tercers.<\/li>\r\n<\/ul>\r\n <br \/>\r\n<strong>SEGONS LA PROPIETAT<\/strong>\r\n\r\n<ul>\r\n\t<li><strong><em>Cookies<\/em><\/strong><strong> pr\u00f2pies<\/strong>: s\u00f3n les que s&rsquo;envien a l&rsquo;equip terminal de l&rsquo;usuari des d&rsquo;un equip o domini gestionat pel propi editor i des del qual es proporciona el servei sol&middot;licitat per l&rsquo;usuari. <\/li>\r\n\t<li><strong><em>Cookies<\/em><\/strong> <strong>de tercers:<\/strong> s\u00f3n les que s&rsquo;envien a l&rsquo;equip terminal de l&rsquo;usuari des d&rsquo;un equip o domini que no \u00e9s gestionat per l&rsquo;editor, sin\u00f3 per una altra entitat que tracta les dades obtingudes mitjan\u00e7ant les cookies.<\/li>\r\n<\/ul>\r\n <br \/>\r\n<strong>SEGONS EL TERMINI DE CONSERVACI\u00d3<\/strong>\r\n\r\n<ul>\r\n\t<li><strong><em>Cookies<\/em><\/strong><strong> de sessi\u00f3:<\/strong> s\u00f3n un tipus de <em>cookies<\/em> dissenyades per obtenir i emmagatzemar dades mentre l&rsquo;usuari accedeix a una p\u00e0gina web. <\/li>\r\n\t<li><strong><em>Cookies<\/em><\/strong><strong> persistents:<\/strong> s\u00f3n un tipus de cookies en qu\u00e8 les dades segueixen emmagatzemades en el terminal i poden ser accedides i tractades durant un per\u00edode definit pel responsable de la <em>cookie<\/em>, i que durar des d&rsquo;uns minuts a diversos anys.<\/li>\r\n<\/ul>\r\n<\/div>\r\n\r\n<div style=\"text-align: center;\"><br \/>\r\n<strong>TRACTAMENT DE DADES PERSONALS<\/strong><\/div>\r\n\r\n<div>&nbsp;<\/div><div>&nbsp;<\/div>\r\n\r\n<div>\r\n<p>INTERHOSPITALIA 2 AIE \u00e9s el <strong>Responsable del tractament<\/strong> de les dades personals de l&rsquo;<strong>Interessat<\/strong> i l&rsquo;informa que aquestes dades es tractaran de conformitat amb el que estableix el Reglament (UE) 2016\/679, de 27 d&rsquo;abril de 2016 (GDPR), per la qual cosa se li facilita la seg\u00fcent informaci\u00f3 del tractament:<\/p>\r\n\r\n<p><strong>Finalitats del tractament: <\/strong>segons s&rsquo;especifica en l&rsquo;apartat de <em>cookies <\/em>que s&rsquo;utilitzen en aquest lloc web.<\/p>\r\n<strong>Legitimaci\u00f3 del tractament<\/strong>: llevat dels casos en qu\u00e8 resulti necessari per a la navegaci\u00f3 per la web, per consentiment de l&rsquo;interessat (art. 6.1.a GDPR).\r\n\r\n<p><strong>Criteris de conservaci\u00f3 de les dades<\/strong>: segons s&rsquo;especifica en l&rsquo;apartat de <em>cookies <\/em>utilitzades al web.<\/p>\r\n\r\n<p><strong>Comunicaci\u00f3 de les dades<\/strong>: no es comunicaran les dades a tercers, excepte en cookies propietat de tercers o per obligaci\u00f3 legal.<\/p>\r\n\r\n<p><strong>Drets que t\u00e9 l&rsquo;Interessat<\/strong>:<\/p>\r\n\r\n<p>- Dret a retirar el consentiment en qualsevol moment.<br \/>\r\nDret d&rsquo;acc\u00e9s, rectificaci\u00f3, portabilitat i supressi\u00f3 de les seves dades i de limitaci\u00f3 o oposici\u00f3 al seu tractament.<br \/>\r\n- Dret a presentar una reclamaci\u00f3 davant l&rsquo;Autoritat de control (www.aepd.es) si considera que el tractament no s&rsquo;ajusta a la normativa vigent.<\/p>\r\n\r\n<p><strong>Dades de contacte per exercir els seus drets:<\/strong><\/p>\r\n\r\n<p>INTERHOSPITALIA 2 AIE.<strong> <\/strong>Cl Esla, 60 - 08223 Terrassa  (Barcelona). E-mail: info@interhospitalia.es<br \/>\r\n<br \/>\r\n <\/p>\r\n\r\n<div>&nbsp;<\/div><div>&nbsp;<\/div>\r\n\r\n<p style=\"text-align: center;\"><strong>COOKIES UTILITZADES EN AQUEST LLOC WEB<\/strong><\/p>\r\n\r\n<p style=\"text-align: center;\"><\/p>\r\n\r\n<h4>COOKIES CONTROLADES PER L&rsquo;EDITOR<\/h4>\r\n<\/div>\r\n\r\n<p><h4>T\u00e8cniques i funcional<\/h4><table class=\"pdf_datatable\"><tr>\r\n\t\t<th style=\"width:19%\">Propietat<\/th>\r\n\t\t<th style=\"width:17%\">Cookie<\/th>\r\n\t\t<th>Finalitat<\/th>\r\n\t\t<th style=\"width:15%\">Pla\u00e7<\/th>\r\n\t\t<\/tr><tr>\r\n\t\t\t\t\t<td>google.com<\/td>\r\n\t\t\t\t\t<td><b>__Secure-1PAPISID<\/b><\/td>\r\n\t\t\t\t\t<td>Cookie necess\u00e0ria per a la utilitzaci\u00f3 de les opcions i serveis de la p\u00e0gina web<\/td>\r\n\t\t\t\t\t<td>en un any<\/td>\r\n\t\t\t\t\t<\/tr><tr>\r\n\t\t\t\t\t<td>google.com<\/td>\r\n\t\t\t\t\t<td><b>__Secure-1PSID<\/b><\/td>\r\n\t\t\t\t\t<td>Cookie necess\u00e0ria per a la utilitzaci\u00f3 de les opcions i serveis de la p\u00e0gina web<\/td>\r\n\t\t\t\t\t<td>en un any<\/td>\r\n\t\t\t\t\t<\/tr><tr>\r\n\t\t\t\t\t<td>google.com<\/td>\r\n\t\t\t\t\t<td><b>__Secure-1PSIDCC<\/b><\/td>\r\n\t\t\t\t\t<td>Cookie necess\u00e0ria per a la utilitzaci\u00f3 de les opcions i serveis de la p\u00e0gina web<\/td>\r\n\t\t\t\t\t<td>en un any<\/td>\r\n\t\t\t\t\t<\/tr><tr>\r\n\t\t\t\t\t<td>google.com<\/td>\r\n\t\t\t\t\t<td><b>__Secure-1PSIDTS<\/b><\/td>\r\n\t\t\t\t\t<td>Cookie necess\u00e0ria per a la utilitzaci\u00f3 de les opcions i serveis de la p\u00e0gina web<\/td>\r\n\t\t\t\t\t<td>en un any<\/td>\r\n\t\t\t\t\t<\/tr><tr>\r\n\t\t\t\t\t<td>google.com<\/td>\r\n\t\t\t\t\t<td><b>__Secure-3PSIDCC<\/b><\/td>\r\n\t\t\t\t\t<td>Cookie necess\u00e0ria per a la utilitzaci\u00f3 de les opcions i serveis de la p\u00e0gina web<\/td>\r\n\t\t\t\t\t<td>en un any<\/td>\r\n\t\t\t\t\t<\/tr><tr>\r\n\t\t\t\t\t<td>google.com<\/td>\r\n\t\t\t\t\t<td><b>__Secure-3PSIDTS<\/b><\/td>\r\n\t\t\t\t\t<td>Cookie necess\u00e0ria per a la utilitzaci\u00f3 de les opcions i serveis de la p\u00e0gina web<\/td>\r\n\t\t\t\t\t<td>en un any<\/td>\r\n\t\t\t\t\t<\/tr><tr>\r\n\t\t\t\t\t<td>google.com<\/td>\r\n\t\t\t\t\t<td><b>__Secure-ENID<\/b><\/td>\r\n\t\t\t\t\t<td>Cookie necess\u00e0ria per a la utilitzaci\u00f3 de les opcions i serveis de la p\u00e0gina web<\/td>\r\n\t\t\t\t\t<td>en un any<\/td>\r\n\t\t\t\t\t<\/tr><tr>\r\n\t\t\t\t\t<td>google.com<\/td>\r\n\t\t\t\t\t<td><b>ADS_VISITOR_ID<\/b><\/td>\r\n\t\t\t\t\t<td>Cookie necess\u00e0ria per a la utilitzaci\u00f3 de les opcions i serveis de la p\u00e0gina web<\/td>\r\n\t\t\t\t\t<td>en 3 mesos<\/td>\r\n\t\t\t\t\t<\/tr><tr>\r\n\t\t\t\t\t<td>google.com<\/td>\r\n\t\t\t\t\t<td><b>AEC<\/b><\/td>\r\n\t\t\t\t\t<td>Cookie necess\u00e0ria per a la utilitzaci\u00f3 de les opcions i serveis de la p\u00e0gina web<\/td>\r\n\t\t\t\t\t<td>en 5 mesos<\/td>\r\n\t\t\t\t\t<\/tr><tr>\r\n\t\t\t\t\t<td>Google<\/td>\r\n\t\t\t\t\t<td><b>SEARCH_SAMESITE<\/b><\/td>\r\n\t\t\t\t\t<td>SameSite evita que el navegador envi\u00ef aquesta galeta juntament amb les sol\u00b7licituds entre llocs. L'objectiu principal \u00e9s mitigar el risc de fuga d'informaci\u00f3 d'origen creuat. Tamb\u00e9 proporciona certa protecci\u00f3 contra atacs de falsificaci\u00f3 de sol\u00b7licituds entre llocs.<\/td>\r\n\t\t\t\t\t<td>en 6 mesos<\/td>\r\n\t\t\t\t\t<\/tr><tr>\r\n\t\t\t\t\t<td>google.com<\/td>\r\n\t\t\t\t\t<td><b>SOCS<\/b><\/td>\r\n\t\t\t\t\t<td>Cookie necess\u00e0ria per a la utilitzaci\u00f3 de les opcions i serveis de la p\u00e0gina web<\/td>\r\n\t\t\t\t\t<td>en un any<\/td>\r\n\t\t\t\t\t<\/tr><tr>\r\n\t\t\t\t\t<td>PHP.net<\/td>\r\n\t\t\t\t\t<td><b>PHPSESSID<\/b><\/td>\r\n\t\t\t\t\t<td>Cookie generada per les aplicacions basades en el llenguatge PHP. Es tracta d'un identificador de prop\u00f2sit general usat per mantenir les variables de sessi\u00f3 d'usuari. Normalment \u00e9s un nombre generat a l'atzar, com s'utilitza pot ser espec\u00edfica per al lloc, per\u00f2 un bon exemple \u00e9s el manteniment d'una sessi\u00f3 iniciada en l'estat d'un usuari entre les p\u00e0gines.<\/td>\r\n\t\t\t\t\t<td>Sessi\u00f3<\/td>\r\n\t\t\t\t\t<\/tr><\/table><h4>Analitiques<\/h4><table class=\"pdf_datatable\"><tr>\r\n\t\t<th style=\"width:19%\">Propietat<\/th>\r\n\t\t<th style=\"width:17%\">Cookie<\/th>\r\n\t\t<th>Finalitat<\/th>\r\n\t\t<th style=\"width:15%\">Pla\u00e7<\/th>\r\n\t\t<\/tr><tr>\r\n\t\t\t\t\t<td>Google<\/td>\r\n\t\t\t\t\t<td><b>__Secure-3PAPISID<\/b><\/td>\r\n\t\t\t\t\t<td>Aquestes galetes s'utilitzen per lliurar anuncis m\u00e9s rellevants per a vost\u00e8 i els seus interessos.<\/td>\r\n\t\t\t\t\t<td>en un any<\/td>\r\n\t\t\t\t\t<\/tr><tr>\r\n\t\t\t\t\t<td>Google<\/td>\r\n\t\t\t\t\t<td><b>__Secure-3PSID<\/b><\/td>\r\n\t\t\t\t\t<td>Aquestes galetes s'utilitzen per lliurar anuncis m\u00e9s rellevants per a vost\u00e8 i els seus interessos.<\/td>\r\n\t\t\t\t\t<td>en un any<\/td>\r\n\t\t\t\t\t<\/tr><\/table><h4>Publicitaries<\/h4><table class=\"pdf_datatable\"><tr>\r\n\t\t<th style=\"width:19%\">Propietat<\/th>\r\n\t\t<th style=\"width:17%\">Cookie<\/th>\r\n\t\t<th>Finalitat<\/th>\r\n\t\t<th style=\"width:15%\">Pla\u00e7<\/th>\r\n\t\t<\/tr><tr>\r\n\t\t\t\t\t<td>Google<\/td>\r\n\t\t\t\t\t<td><b>APISID<\/b><\/td>\r\n\t\t\t\t\t<td>Descarregar certes eines de Google i guardar certes prefer\u00e8ncies, per exemple, el nombre de resultats de la recerca per full o l'activaci\u00f3 de l'filtre SafeSearch. Ajusta els anuncis que apareixen a la cerca de Google.<\/td>\r\n\t\t\t\t\t<td>en un any<\/td>\r\n\t\t\t\t\t<\/tr><tr>\r\n\t\t\t\t\t<td>Google<\/td>\r\n\t\t\t\t\t<td><b>HSID<\/b><\/td>\r\n\t\t\t\t\t<td>Descarregar certes eines de Google i guardar certes prefer\u00e8ncies, per exemple, el nombre de resultats de la recerca per full o l'activaci\u00f3 de l'filtre SafeSearch. Ajusta els anuncis que apareixen a la cerca de Google.<\/td>\r\n\t\t\t\t\t<td>en un any<\/td>\r\n\t\t\t\t\t<\/tr><tr>\r\n\t\t\t\t\t<td>Google<\/td>\r\n\t\t\t\t\t<td><b>NID<\/b><\/td>\r\n\t\t\t\t\t<td>Aquestes galetes s'utilitzen per recollir estad\u00edstiques de la p\u00e0gina web i rastrejar les taxes de conversi\u00f3 i la personalitzaci\u00f3 d'anuncis de Google<\/td>\r\n\t\t\t\t\t<td>en 7 mesos<\/td>\r\n\t\t\t\t\t<\/tr><tr>\r\n\t\t\t\t\t<td>Facebook<\/td>\r\n\t\t\t\t\t<td><b>S<\/b><\/td>\r\n\t\t\t\t\t<td>Identificaci\u00f3 de el navegador de Facebook, autenticaci\u00f3, m\u00e0rqueting i altres cookies de funcions espec\u00edfiques de Facebook.<\/td>\r\n\t\t\t\t\t<td>en 2 dies<\/td>\r\n\t\t\t\t\t<\/tr><tr>\r\n\t\t\t\t\t<td>Google<\/td>\r\n\t\t\t\t\t<td><b>SAPISID<\/b><\/td>\r\n\t\t\t\t\t<td>Descarregar certes eines de Google i guardar certes prefer\u00e8ncies, per exemple, el nombre de resultats de la recerca per full o l'activaci\u00f3 de l'filtre SafeSearch. Ajusta els anuncis que apareixen a la cerca de Google.<\/td>\r\n\t\t\t\t\t<td>en un any<\/td>\r\n\t\t\t\t\t<\/tr><tr>\r\n\t\t\t\t\t<td>Google<\/td>\r\n\t\t\t\t\t<td><b>SID<\/b><\/td>\r\n\t\t\t\t\t<td>Descarregar certes eines de Google i guardar certes prefer\u00e8ncies, per exemple, el nombre de resultats de la recerca per full o l'activaci\u00f3 del filtre SafeSearch. Ajusta els anuncis que apareixen a la cerca de Google.<\/td>\r\n\t\t\t\t\t<td>en un any<\/td>\r\n\t\t\t\t\t<\/tr><tr>\r\n\t\t\t\t\t<td>Google<\/td>\r\n\t\t\t\t\t<td><b>SIDCC<\/b><\/td>\r\n\t\t\t\t\t<td>Descarregar certes eines de Google i guardar certes prefer\u00e8ncies, per exemple, el nombre de resultats de la recerca per full o l'activaci\u00f3 del filtre SafeSearch. Ajusta els anuncis que apareixen a la cerca de Google.<\/td>\r\n\t\t\t\t\t<td>en un any<\/td>\r\n\t\t\t\t\t<\/tr><tr>\r\n\t\t\t\t\t<td>Google<\/td>\r\n\t\t\t\t\t<td><b>SSID<\/b><\/td>\r\n\t\t\t\t\t<td>Baixa determinades eines de Google i desa determinades prefer\u00e8ncies, per exemple, el nombre de resultats de cerca per p\u00e0gina o l\u2019activaci\u00f3 del filtre SafeSearch. Ajusta els anuncis que apareixen a la Cerca de Google.<\/td>\r\n\t\t\t\t\t<td>en un any<\/td>\r\n\t\t\t\t\t<\/tr><tr>\r\n\t\t\t\t\t<td>Google<\/td>\r\n\t\t\t\t\t<td><b>OTZ<\/b><\/td>\r\n\t\t\t\t\t<td>An\u00e0lisi agregat dels visitants de el lloc<\/td>\r\n\t\t\t\t\t<td>en 14 dies<\/td>\r\n\t\t\t\t\t<\/tr><\/table><\/p>\r\n\r\n<div>&nbsp;<\/div><div>&nbsp;<\/div>\r\n\r\n<h4>COOKIES DE TERCERS<\/h4>\r\n\r\n<p>Els serveis de tercers s\u00f3n aliens al control de l&rsquo;editor. Els prove\u00efdors poden modificar en qualsevol moment les seves condicions de servei, finalitat i \u00fas de les cookies, etc.<\/p>\r\n\r\n<p><strong>Prove\u00efdors externs d&rsquo;aquest lloc web:<\/strong><\/p>\r\n\r\n<p><table class=\"pdf_datatable\">\r\n\t\t\t\t<tr>\r\n\t\t\t\t<th>Editor<\/th>\r\n\t\t\t\t<th>Pol\u00edtica de privacitat<\/th>\r\n\t\t\t\t<\/tr><tr><td>Facebook<\/td><td><a href=\"https:\/\/www.facebook.com\/about\/privacy\/\" target=\"_blank\" style=\"text-decoration:none\">https:\/\/www.facebook.com\/about\/privacy\/<\/a><\/td><\/tr><tr><td>Google<\/td><td><a href=\"https:\/\/privacy.google.com\/take-control.html\" target=\"_blank\" style=\"text-decoration:none\">https:\/\/privacy.google.com\/take-control.html<\/a><\/td><\/tr><tr><td>Google<\/td><td><a href=\"https:\/\/safety.google\/privacy\/privacy-controls\/\" target=\"_blank\" style=\"text-decoration:none\">https:\/\/safety.google\/privacy\/privacy-controls\/<\/a><\/td><\/tr><tr><td>PHP.net<\/td><td><a href=\"https:\/\/www.php.net\/privacy.php\" target=\"_blank\" style=\"text-decoration:none\">https:\/\/www.php.net\/privacy.php<\/a><\/td><\/tr><\/table><\/p>\r\n\r\n<div>&nbsp;<\/div><div>&nbsp;<\/div>\r\n\r\n<div>\r\n<table border=\"0\" cellpadding=\"1\" cellspacing=\"1\" class=\"pdf_datatable\" style=\"width:100%;\">\r\n\t<tbody>\r\n\t\t<tr>\r\n\t\t\t<td style=\"text-align: center; width: 100%; height: 25px; background-color: rgb(221, 221, 221);\"><strong>PANELL DE CONFIGURACI\u00d3 DE COOKIES<\/strong><\/td>\r\n\t\t<\/tr>\r\n\t<\/tbody>\r\n<\/table>\r\n<\/div>\r\n\r\n<p>Des d&rsquo;aquest panell pot configurar les cookies que el lloc web pot instal&middot;lar en el seu navegador, excepte les cookies t\u00e8cniques o funcionals que s\u00f3n necess\u00e0ries per a la navegaci\u00f3 i la utilitzaci\u00f3 de les diferents opcions o serveis que s&rsquo;ofereixen.<\/p>\r\n\r\n<p style=\"text-align: center;\"><a href=\"#\" class=\"pdcc-open-modal\">Panell de cookies<\/a><\/p>\r\n\r\n<div>&nbsp;<\/div><div>&nbsp;<\/div>\r\n\r\n<div>\r\n<div style=\"text-align: center;\">\r\n<div style=\"text-align: center;\">\r\n<div style=\"text-align: center;\">\r\n<div style=\"text-align: center;\">\r\n<div style=\"text-align: center;\">\r\n<div>\r\n<div style=\"text-align: center;\">\r\n<div style=\"text-align: center;\">\r\n<div style=\"text-align: center;\">\r\n<div style=\"text-align: center;\">\r\n<div style=\"text-align: center;\">\r\n<div style=\"text-align: center;\">\r\n<div>\r\n<table border=\"0\" cellpadding=\"1\" cellspacing=\"1\" class=\"pdf_datatable\" style=\"width:100%;\">\r\n\t<tbody>\r\n\t\t<tr>\r\n\t\t\t<td style=\"text-align: center; width: 100%; height: 25px; background-color: rgb(221, 221, 221);\"><strong>COM GESTIONAR LES COOKIES DES DEL NAVEGADOR<\/strong><\/td>\r\n\t\t<\/tr>\r\n\t<\/tbody>\r\n<\/table>\r\n<\/div>\r\n \r\n\r\n<div>\r\n<table border=\"0\" cellpadding=\"1\" cellspacing=\"1\" class=\"pdf_datatable\" style=\"width:100%;\">\r\n\t<tbody>\r\n\t\t<tr>\r\n\t\t\t<td style=\"width: 30px; text-align: left;\"><strong>Eliminar les cookies del dispositiu <\/strong><\/td>\r\n\t\t\t<td style=\"width: 70%; text-align: left;\">Les cookies que ja es troben en un dispositiu es poden eliminar esborrant l&rsquo;historial del navegador, de manera que se suprimeixen les cookies de tots els llocs web visitats.<br \/>\r\n\t\t\tNo obstant aix\u00f2, tamb\u00e9 es pot perdre part de la informaci\u00f3 desada (per exemple, les dades d&rsquo;inici de sessi\u00f3 o les prefer\u00e8ncies de lloc web).<\/td>\r\n\t\t<\/tr>\r\n\t\t<tr>\r\n\t\t\t<td style=\"width: 30%; text-align: left;\"><strong>Gestionar les cookies espec\u00edfiques del lloc <\/strong><\/td>\r\n\t\t\t<td style=\"width: 70%; text-align: left;\">Per tenir un control m\u00e9s prec\u00eds de les cookies espec\u00edfiques de cada lloc, els usuaris poden ajustar la seva configuraci\u00f3 de privacitat i cookies al navegador.<\/td>\r\n\t\t<\/tr>\r\n\t\t<tr>\r\n\t\t\t<td style=\"width: 30%; text-align: left;\"><strong>Bloquejar les cookies <\/strong><\/td>\r\n\t\t\t<td style=\"width: 70%; text-align: left;\">Encara que la majoria dels navegadors moderns es poden configurar per evitar que s&rsquo;instal&middot;lin cookies en els dispositius, aix\u00f2 pot obligar a ajustar manualment determinades prefer\u00e8ncies cada vegada que es visiti un lloc o p\u00e0gina. A m\u00e9s, alguns serveis i caracter\u00edstiques poden no funcionar correctament (per exemple, els inicis de sessi\u00f3 amb perfil).<\/td>\r\n\t\t<\/tr>\r\n\t<\/tbody>\r\n<\/table>\r\n<\/div>\r\n \r\n\r\n<div style=\"text-align: left;\"><\/div>\r\n \r\n\r\n<div> \r\n<table border=\"0\" cellpadding=\"1\" cellspacing=\"1\" class=\"pdf_datatable\" style=\"width:100%;\">\r\n\t<tbody>\r\n\t\t<tr>\r\n\t\t\t<td style=\"text-align: center; width: 100%; height: 25px; background-color: rgb(221, 221, 221);\"><strong>COM ELIMINAR LES COOKIES DELS NAVEGADORS M\u00c9S COMUNS<\/strong><\/td>\r\n\t\t<\/tr>\r\n\t<\/tbody>\r\n<\/table>\r\n<\/div>\r\n\r\n<div>\r\n<table border=\"0\" cellpadding=\"1\" cellspacing=\"1\" class=\"pdf_datatable\" style=\"width:100%;\">\r\n\t<tbody>\r\n\t\t<tr>\r\n\t\t\t<td style=\"width: 15%; text-align: left;\"><strong>Chrome<\/strong><\/td>\r\n\t\t\t<td style=\"width: 85%; text-align: left;\"><a href=\"http:\/\/support.google.com\/chrome\/answer\/95647?hl=es\" target=\"_blank\">http:\/\/support.google.com\/chrome\/answer\/95647?hl=es<\/a><\/td>\r\n\t\t<\/tr>\r\n\t\t<tr>\r\n\t\t\t<td style=\"width: 15%; text-align: left;\"><strong>Edge<\/strong><\/td>\r\n\t\t\t<td style=\"width: 85%; text-align: left;\"><a href=\"https:\/\/support.microsoft.com\/es-es\/microsoft-edge\/eliminar-las-cookies-en-microsoft-edge-63947406-40ac-c3b8-57b9-2a946a29ae09\" target=\"_blank\">https:\/\/support.microsoft.com\/es-es\/microsoft-edge\/eliminar-las-cookies-en-microsoft-edge-63947406-40ac-c3b8-57b9-2a946a29ae09<\/a><\/td>\r\n\t\t<\/tr>\r\n\t\t<tr>\r\n\t\t\t<td style=\"width: 15%; text-align: left;\"><strong>Explorer<\/strong><\/td>\r\n\t\t\t<td style=\"width: 85%; text-align: left;\"><a href=\"https:\/\/support.microsoft.com\/es-es\/help\/278835\/how-to-delete-cookie-files-in-internet-explorer\" target=\"_blank\">https:\/\/support.microsoft.com\/es-es\/help\/278835\/how-to-delete-cookie-files-in-internet-explorer<\/a><\/td>\r\n\t\t<\/tr>\r\n\t\t<tr>\r\n\t\t\t<td style=\"width: 15%; text-align: left;\"><strong>Firefox <\/strong><\/td>\r\n\t\t\t<td style=\"width: 85%; text-align: left;\"><a href=\"https:\/\/www.mozilla.org\/es-ES\/privacy\/websites\/#cookies\">https:\/\/www.mozilla.org\/es-ES\/privacy\/websites\/#cookies<\/a><\/td>\r\n\t\t<\/tr>\r\n\t\t<tr>\r\n\t\t\t<td style=\"width: 15%; text-align: left;\"><strong>Safari<\/strong><\/td>\r\n\t\t\t<td style=\"width: 85%; text-align: left;\"><a href=\"https:\/\/support.apple.com\/es-es\/guide\/safari\/sfri11471\/mac\" target=\"_blank\">https:\/\/support.apple.com\/es-es\/guide\/safari\/sfri11471\/mac<\/a><\/td>\r\n\t\t<\/tr>\r\n\t\t<tr>\r\n\t\t\t<td style=\"width: 15%; text-align: left;\"><strong>Opera<\/strong><\/td>\r\n\t\t\t<td style=\"width: 85%; text-align: left;\"><a href=\"https:\/\/help.opera.com\/en\/latest\/security-and-privacy\/#clearBrowsingData\">https:\/\/help.opera.com\/en\/latest\/security-and-privacy\/#clearBrowsingData<\/a><\/td>\r\n\t\t<\/tr>\r\n\t<\/tbody>\r\n<\/table>\r\n<\/div>\r\n<\/div>\r\n<\/div>\r\n<\/div>\r\n<\/div>\r\n<\/div>\r\n<\/div>\r\n<\/div>\r\n\r\n<div style=\"text-align: left;\"><\/div>\r\n<\/div>\r\n<\/div>\r\n<\/div>\r\n<\/div>\r\n<\/div>\r\n<\/div>\r\n\t\t\t\t<\/div>\n\t\t\t\t<\/div>\n\t\t\t\t\t<\/div>\n\t\t\t\t<\/div>\n\t\t\t\t<\/div>\n\t\t","protected":false},"excerpt":{"rendered":"<p>POL\u00cdTICA DE COOKIES INFORMACI\u00d3 SOBRE COOKIES D&rsquo;acord amb la Llei 34\/2002, de 11 de juliol, de serveis de la societat de la informaci\u00f3 i de comer\u00e7 electr\u00f2nic (LSSI), en relaci\u00f3 amb el Reglament (UE) 2016\/679 de el Parlament Europeu i de Consell, [&hellip;]<\/p>\n","protected":false},"author":1,"featured_media":0,"parent":0,"menu_order":0,"comment_status":"closed","ping_status":"closed","template":"","meta":{"footnotes":""},"class_list":["post-6196","page","type-page","status-publish","hentry"],"_links":{"self":[{"href":"https:\/\/interhospitalia.es\/web\/wp-json\/wp\/v2\/pages\/6196","targetHints":{"allow":["GET"]}}],"collection":[{"href":"https:\/\/interhospitalia.es\/web\/wp-json\/wp\/v2\/pages"}],"about":[{"href":"https:\/\/interhospitalia.es\/web\/wp-json\/wp\/v2\/types\/page"}],"author":[{"embeddable":true,"href":"https:\/\/interhospitalia.es\/web\/wp-json\/wp\/v2\/users\/1"}],"replies":[{"embeddable":true,"href":"https:\/\/interhospitalia.es\/web\/wp-json\/wp\/v2\/comments?post=6196"}],"version-history":[{"count":14,"href":"https:\/\/interhospitalia.es\/web\/wp-json\/wp\/v2\/pages\/6196\/revisions"}],"predecessor-version":[{"id":6685,"href":"https:\/\/interhospitalia.es\/web\/wp-json\/wp\/v2\/pages\/6196\/revisions\/6685"}],"wp:attachment":[{"href":"https:\/\/interhospitalia.es\/web\/wp-json\/wp\/v2\/media?parent=6196"}],"curies":[{"name":"wp","href":"https:\/\/api.w.org\/{rel}","templated":true}]}}