{"id":6143,"date":"2024-02-14T07:59:03","date_gmt":"2024-02-14T07:59:03","guid":{"rendered":"https:\/\/interhospitalia.es\/web\/?page_id=6143"},"modified":"2026-04-02T08:56:19","modified_gmt":"2026-04-02T07:56:19","slug":"portal-de-transparencia","status":"publish","type":"page","link":"https:\/\/interhospitalia.es\/web\/portal-de-transparencia\/","title":{"rendered":"Portal de transpar\u00e8ncia"},"content":{"rendered":"\t\t<div data-elementor-type=\"wp-page\" data-elementor-id=\"6143\" class=\"elementor elementor-6143\">\n\t\t\t\t<div class=\"elementor-element elementor-element-cdea814 e-flex e-con-boxed e-con e-parent\" data-id=\"cdea814\" data-element_type=\"container\" data-e-type=\"container\">\n\t\t\t\t\t<div class=\"e-con-inner\">\n\t\t\t\t<div class=\"elementor-element elementor-element-7cb334d elementor-widget elementor-widget-accordion\" data-id=\"7cb334d\" data-element_type=\"widget\" data-e-type=\"widget\" data-widget_type=\"accordion.default\">\n\t\t\t\t<div class=\"elementor-widget-container\">\n\t\t\t\t\t\t\t<div class=\"elementor-accordion\">\n\t\t\t\t\t\t\t<div class=\"elementor-accordion-item\">\n\t\t\t\t\t<div id=\"elementor-tab-title-1301\" class=\"elementor-tab-title\" data-tab=\"1\" role=\"button\" aria-controls=\"elementor-tab-content-1301\" aria-expanded=\"false\">\n\t\t\t\t\t\t\t\t\t\t\t\t\t<span class=\"elementor-accordion-icon elementor-accordion-icon-left\" aria-hidden=\"true\">\n\t\t\t\t\t\t\t\t\t\t\t\t\t\t\t<span class=\"elementor-accordion-icon-closed\"><svg class=\"e-font-icon-svg e-fas-plus\" viewBox=\"0 0 448 512\" xmlns=\"http:\/\/www.w3.org\/2000\/svg\"><path d=\"M416 208H272V64c0-17.67-14.33-32-32-32h-32c-17.67 0-32 14.33-32 32v144H32c-17.67 0-32 14.33-32 32v32c0 17.67 14.33 32 32 32h144v144c0 17.67 14.33 32 32 32h32c17.67 0 32-14.33 32-32V304h144c17.67 0 32-14.33 32-32v-32c0-17.67-14.33-32-32-32z\"><\/path><\/svg><\/span>\n\t\t\t\t\t\t\t\t<span class=\"elementor-accordion-icon-opened\"><svg class=\"e-font-icon-svg e-fas-minus\" viewBox=\"0 0 448 512\" xmlns=\"http:\/\/www.w3.org\/2000\/svg\"><path d=\"M416 208H32c-17.67 0-32 14.33-32 32v32c0 17.67 14.33 32 32 32h384c17.67 0 32-14.33 32-32v-32c0-17.67-14.33-32-32-32z\"><\/path><\/svg><\/span>\n\t\t\t\t\t\t\t\t\t\t\t\t\t\t<\/span>\n\t\t\t\t\t\t\t\t\t\t\t\t<a class=\"elementor-accordion-title\" tabindex=\"0\">Instituci\u00f3<\/a>\n\t\t\t\t\t<\/div>\n\t\t\t\t\t<div id=\"elementor-tab-content-1301\" class=\"elementor-tab-content elementor-clearfix\" data-tab=\"1\" role=\"region\" aria-labelledby=\"elementor-tab-title-1301\"><p><strong>Interhospitalia 2 \u00e9s una empresa que donada la seva forma jur\u00eddica com AIE, no t\u00e9 \u00e0nim de lucre donant servei \u00fanicament als seus part\u00edceps, que s\u00f3n:<\/strong><\/p><ul><li style=\"list-style-type: none;\"><ul><li>FUNDACI\u00d3 DE GESTI\u00d3 SANIT\u00c0RIA DE L\u2019HOSPITAL DE LA SANTA CREU I SANT PAU.<\/li><li>ALTHAIA XARXA ASSITENCIAL UNIVERSIT\u00c0RIA DE MANRESA FUNDACI\u00d3 PRIVADA.<\/li><li>CL\u00cdNICA BARCELONETA, S.A.<\/li><li>FUNDACI\u00d3 HOSPITAL DE PALAMOS.<\/li><li>FUNDACI\u00d3 SALUT EMPORD\u00c0.<\/li><li>CORPORACI\u00d3 DE SALUT DEL MARESME I LA SELVA.<\/li><li>FUNDACI\u00d3 PALAFRUGELL GENT GRAN.<\/li><li>FUNDACI\u00d3 ALBA-HOSPITAL DE SANT MIQUEL.<\/li><li>CONSORCI SANITARI DE TERRASSA.<\/li><li>FUNDACI\u00d3 PRIVADA HOSPITAL ASIL DE GRANOLLERS.<\/li><li>FUNDACI\u00d3 PUIGVERT.<\/li><li>FUNDACI\u00d3 PRIVADA HOSPITAL DE SANT CELONI.<\/li><li>CONSORCI ASSITENCIAL DEL BAIX EMPORD\u00c0.<\/li><\/ul><\/li><\/ul><p>El seu Consell d\u2019Administraci\u00f3 est\u00e1 conformat per les seg\u00fcents institucions :<\/p><p><u>Presid\u00e8ncia<\/u>:\u00a0 FUNDACI\u00d3 DE GESTI\u00d3 SANIT\u00c0RIA DE L\u2019HOSPITAL DE LA SANTA CREU I SANT PAU.<\/p><p><u>Secretar\u00eda<\/u>: \u00a0\u00a0\u00a0\u00a0 ALTHAIA XARXA ASSITENCIAL UNIVERSIT\u00c0RIA DE MANRESA FUNDACI\u00d3 PRIVADA.<\/p><p><u>Vocals<\/u>:\u00a0\u00a0\u00a0\u00a0\u00a0\u00a0\u00a0\u00a0\u00a0\u00a0\u00a0\u00a0\u00a0 CL\u00cdNICA BARCELONETA, S.A.<\/p><p>\u00a0\u00a0\u00a0\u00a0\u00a0\u00a0\u00a0\u00a0\u00a0\u00a0\u00a0\u00a0\u00a0\u00a0 \u00a0\u00a0\u00a0\u00a0\u00a0\u00a0\u00a0\u00a0\u00a0\u00a0\u00a0\u00a0\u00a0\u00a0\u00a0\u00a0\u00a0\u00a0\u00a0\u00a0\u00a0\u00a0\u00a0\u00a0\u00a0\u00a0\u00a0\u00a0\u00a0 FUNDACI\u00d3 HOSPITAL DE PALAMOS.<\/p><p>\u00a0\u00a0\u00a0\u00a0\u00a0\u00a0\u00a0\u00a0\u00a0\u00a0\u00a0\u00a0\u00a0\u00a0\u00a0\u00a0\u00a0\u00a0\u00a0\u00a0\u00a0\u00a0\u00a0\u00a0\u00a0\u00a0\u00a0\u00a0\u00a0\u00a0\u00a0\u00a0\u00a0\u00a0\u00a0\u00a0\u00a0\u00a0\u00a0\u00a0\u00a0\u00a0\u00a0 FUNDACI\u00d3 SALUT EMPORD\u00c0.<\/p><p>\u00a0\u00a0\u00a0\u00a0\u00a0\u00a0\u00a0\u00a0\u00a0\u00a0\u00a0\u00a0\u00a0\u00a0\u00a0\u00a0\u00a0\u00a0\u00a0\u00a0\u00a0\u00a0\u00a0\u00a0\u00a0\u00a0\u00a0\u00a0\u00a0\u00a0\u00a0\u00a0\u00a0\u00a0\u00a0\u00a0\u00a0\u00a0\u00a0\u00a0\u00a0\u00a0\u00a0 CORPORACI\u00d3 DE SALUT DEL MARESME I LA SELVA.<\/p><p>\u00a0\u00a0\u00a0\u00a0\u00a0\u00a0\u00a0\u00a0\u00a0\u00a0\u00a0\u00a0\u00a0\u00a0\u00a0\u00a0\u00a0\u00a0\u00a0\u00a0\u00a0\u00a0\u00a0\u00a0\u00a0\u00a0\u00a0\u00a0\u00a0\u00a0\u00a0\u00a0\u00a0\u00a0\u00a0\u00a0\u00a0\u00a0\u00a0\u00a0\u00a0\u00a0\u00a0 FUNDACI\u00d3 PALAFRUGELL GENT GRAN.<\/p><p>\u00a0\u00a0\u00a0\u00a0\u00a0\u00a0\u00a0\u00a0\u00a0\u00a0\u00a0\u00a0\u00a0\u00a0\u00a0\u00a0\u00a0\u00a0\u00a0\u00a0\u00a0\u00a0\u00a0\u00a0\u00a0\u00a0\u00a0\u00a0\u00a0\u00a0\u00a0\u00a0\u00a0\u00a0\u00a0\u00a0\u00a0\u00a0\u00a0\u00a0\u00a0\u00a0\u00a0 FUNDACI\u00d3 ALBA-HOSPITAL DE SANT MIQUEL.<\/p><p>\u00a0\u00a0\u00a0\u00a0\u00a0\u00a0\u00a0\u00a0\u00a0\u00a0\u00a0\u00a0\u00a0\u00a0\u00a0\u00a0\u00a0\u00a0\u00a0\u00a0\u00a0\u00a0\u00a0\u00a0\u00a0\u00a0\u00a0\u00a0\u00a0\u00a0\u00a0\u00a0\u00a0\u00a0\u00a0\u00a0\u00a0\u00a0\u00a0\u00a0\u00a0\u00a0\u00a0 CONSORCI SANITARI DE TERRASSA.<\/p><p>\u00a0\u00a0\u00a0\u00a0\u00a0\u00a0\u00a0\u00a0\u00a0\u00a0\u00a0\u00a0\u00a0\u00a0\u00a0\u00a0\u00a0\u00a0\u00a0\u00a0\u00a0\u00a0\u00a0\u00a0\u00a0\u00a0\u00a0\u00a0\u00a0\u00a0\u00a0\u00a0\u00a0\u00a0\u00a0\u00a0\u00a0\u00a0\u00a0\u00a0\u00a0\u00a0\u00a0 FUNDACI\u00d3 PRIVADA HOSPITAL ASIL DE GRANOLLERS.<\/p><p>DECLARACI\u00d3 DE PRINCIPIS INTERHOSPITALIA 2 AIE<\/p><p><a href=\"https:\/\/interhospitalia.es\/web\/wp-content\/uploads\/2025\/01\/DECLARACIO-DE-PRINCIPIS-INTERHOSPITALIA-2-AIE.pdf\" target=\"_blank\" rel=\"noopener\"><img decoding=\"async\" class=\"alignleft wp-image-6150 size-full\" src=\"https:\/\/interhospitalia.es\/web\/wp-content\/uploads\/2024\/02\/icono-pdf.png\" alt=\"\" width=\"65\" height=\"100\" \/><\/a><\/p><p>MEMBRES ORGANS DE GOVERN INTERHOSPITALIA2 A.I.E.<\/p><p><a href=\"https:\/\/interhospitalia.es\/web\/wp-content\/uploads\/2025\/07\/MEMBRES-ORGANS-DE-GOVERN-INTERHOSPITALIA2-AIE.pdf\" target=\"_blank\" rel=\"noopener\"><img decoding=\"async\" class=\"alignleft wp-image-6150 size-full\" src=\"https:\/\/interhospitalia.es\/web\/wp-content\/uploads\/2024\/02\/icono-pdf.png\" alt=\"\" width=\"65\" height=\"100\" \/><\/a><\/p><p>ESTATUTS INTERHOSPITALIA2 A.I.E.<\/p><p><a href=\"https:\/\/interhospitalia.es\/web\/wp-content\/uploads\/2025\/07\/ESTATUTS-INTERHOSPITALIA2-AIE.pdf\" target=\"_blank\" rel=\"noopener\"><img decoding=\"async\" class=\"alignleft wp-image-6150 size-full\" src=\"https:\/\/interhospitalia.es\/web\/wp-content\/uploads\/2024\/02\/icono-pdf.png\" alt=\"\" width=\"65\" height=\"100\" \/><\/a><\/p><p>CONVENI COL.LECTIU BUGADERIES INDUSTRIALS DE CATALUNYA<\/p><p><a href=\"https:\/\/interhospitalia.es\/web\/wp-content\/uploads\/2025\/07\/CONVENI-COL\u00b7LECTIU-BUGADERIES-INDUSTRIALS-CATALUNYA.pdf\" target=\"_blank\" rel=\"noopener\"><img decoding=\"async\" class=\"alignnone wp-image-6150 size-full\" src=\"https:\/\/interhospitalia.es\/web\/wp-content\/uploads\/2024\/02\/icono-pdf.png\" alt=\"\" width=\"65\" height=\"100\" \/><\/a><\/p><\/div>\n\t\t\t\t<\/div>\n\t\t\t\t\t\t\t<div class=\"elementor-accordion-item\">\n\t\t\t\t\t<div id=\"elementor-tab-title-1302\" class=\"elementor-tab-title\" data-tab=\"2\" role=\"button\" aria-controls=\"elementor-tab-content-1302\" aria-expanded=\"false\">\n\t\t\t\t\t\t\t\t\t\t\t\t\t<span class=\"elementor-accordion-icon elementor-accordion-icon-left\" aria-hidden=\"true\">\n\t\t\t\t\t\t\t\t\t\t\t\t\t\t\t<span class=\"elementor-accordion-icon-closed\"><svg class=\"e-font-icon-svg e-fas-plus\" viewBox=\"0 0 448 512\" xmlns=\"http:\/\/www.w3.org\/2000\/svg\"><path d=\"M416 208H272V64c0-17.67-14.33-32-32-32h-32c-17.67 0-32 14.33-32 32v144H32c-17.67 0-32 14.33-32 32v32c0 17.67 14.33 32 32 32h144v144c0 17.67 14.33 32 32 32h32c17.67 0 32-14.33 32-32V304h144c17.67 0 32-14.33 32-32v-32c0-17.67-14.33-32-32-32z\"><\/path><\/svg><\/span>\n\t\t\t\t\t\t\t\t<span class=\"elementor-accordion-icon-opened\"><svg class=\"e-font-icon-svg e-fas-minus\" viewBox=\"0 0 448 512\" xmlns=\"http:\/\/www.w3.org\/2000\/svg\"><path d=\"M416 208H32c-17.67 0-32 14.33-32 32v32c0 17.67 14.33 32 32 32h384c17.67 0 32-14.33 32-32v-32c0-17.67-14.33-32-32-32z\"><\/path><\/svg><\/span>\n\t\t\t\t\t\t\t\t\t\t\t\t\t\t<\/span>\n\t\t\t\t\t\t\t\t\t\t\t\t<a class=\"elementor-accordion-title\" tabindex=\"0\">Economia i pressupost<\/a>\n\t\t\t\t\t<\/div>\n\t\t\t\t\t<div id=\"elementor-tab-content-1302\" class=\"elementor-tab-content elementor-clearfix\" data-tab=\"2\" role=\"region\" aria-labelledby=\"elementor-tab-title-1302\"><p><strong>COMPTES ANUALS 2023<\/strong><\/p><p><a href=\"https:\/\/interhospitalia.es\/web\/wp-content\/uploads\/2024\/08\/Formulacion-Cuentas-EEFF-Interhospitalia-31-dic-2023.pdf\" target=\"_blank\" rel=\"noopener\"><img decoding=\"async\" class=\"alignnone wp-image-6150\" src=\"https:\/\/interhospitalia.es\/web\/wp-content\/uploads\/2024\/02\/icono-pdf.png\" alt=\"\" width=\"46\" height=\"71\" \/><\/a><\/p><p><strong>COMPTES ANUALS 2024<\/strong><\/p><p><a href=\"https:\/\/interhospitalia.es\/web\/wp-content\/uploads\/2025\/06\/INTERHOSPITALIA2-Inf-Audita-31-12-2024-1.pdf\" target=\"_blank\" rel=\"noopener\"><img decoding=\"async\" class=\"alignnone wp-image-6150\" src=\"https:\/\/interhospitalia.es\/web\/wp-content\/uploads\/2024\/02\/icono-pdf.png\" alt=\"\" width=\"46\" height=\"71\" \/><\/a><\/p><\/div>\n\t\t\t\t<\/div>\n\t\t\t\t\t\t\t<div class=\"elementor-accordion-item\">\n\t\t\t\t\t<div id=\"elementor-tab-title-1303\" class=\"elementor-tab-title\" data-tab=\"3\" role=\"button\" aria-controls=\"elementor-tab-content-1303\" aria-expanded=\"false\">\n\t\t\t\t\t\t\t\t\t\t\t\t\t<span class=\"elementor-accordion-icon elementor-accordion-icon-left\" aria-hidden=\"true\">\n\t\t\t\t\t\t\t\t\t\t\t\t\t\t\t<span class=\"elementor-accordion-icon-closed\"><svg class=\"e-font-icon-svg e-fas-plus\" viewBox=\"0 0 448 512\" xmlns=\"http:\/\/www.w3.org\/2000\/svg\"><path d=\"M416 208H272V64c0-17.67-14.33-32-32-32h-32c-17.67 0-32 14.33-32 32v144H32c-17.67 0-32 14.33-32 32v32c0 17.67 14.33 32 32 32h144v144c0 17.67 14.33 32 32 32h32c17.67 0 32-14.33 32-32V304h144c17.67 0 32-14.33 32-32v-32c0-17.67-14.33-32-32-32z\"><\/path><\/svg><\/span>\n\t\t\t\t\t\t\t\t<span class=\"elementor-accordion-icon-opened\"><svg class=\"e-font-icon-svg e-fas-minus\" viewBox=\"0 0 448 512\" xmlns=\"http:\/\/www.w3.org\/2000\/svg\"><path d=\"M416 208H32c-17.67 0-32 14.33-32 32v32c0 17.67 14.33 32 32 32h384c17.67 0 32-14.33 32-32v-32c0-17.67-14.33-32-32-32z\"><\/path><\/svg><\/span>\n\t\t\t\t\t\t\t\t\t\t\t\t\t\t<\/span>\n\t\t\t\t\t\t\t\t\t\t\t\t<a class=\"elementor-accordion-title\" tabindex=\"0\">Equip hum\u00e0<\/a>\n\t\t\t\t\t<\/div>\n\t\t\t\t\t<div id=\"elementor-tab-content-1303\" class=\"elementor-tab-content elementor-clearfix\" data-tab=\"3\" role=\"region\" aria-labelledby=\"elementor-tab-title-1303\"><p><a href=\"https:\/\/interhospitalia.es\/web\/wp-content\/uploads\/2024\/04\/Organigrama-jerarquic-i-funcional.png\" target=\"_blank\" rel=\"noopener\"><img loading=\"lazy\" decoding=\"async\" class=\"alignnone wp-image-6486 size-large\" src=\"https:\/\/interhospitalia.es\/web\/wp-content\/uploads\/2024\/04\/Organigrama-jerarquic-i-funcional-1024x984.png\" alt=\"\" width=\"1024\" height=\"984\" srcset=\"https:\/\/interhospitalia.es\/web\/wp-content\/uploads\/2024\/04\/Organigrama-jerarquic-i-funcional-1024x984.png 1024w, https:\/\/interhospitalia.es\/web\/wp-content\/uploads\/2024\/04\/Organigrama-jerarquic-i-funcional-300x288.png 300w, https:\/\/interhospitalia.es\/web\/wp-content\/uploads\/2024\/04\/Organigrama-jerarquic-i-funcional-768x738.png 768w, https:\/\/interhospitalia.es\/web\/wp-content\/uploads\/2024\/04\/Organigrama-jerarquic-i-funcional-1536x1475.png 1536w, https:\/\/interhospitalia.es\/web\/wp-content\/uploads\/2024\/04\/Organigrama-jerarquic-i-funcional-2048x1967.png 2048w\" sizes=\"(max-width: 1024px) 100vw, 1024px\" \/><\/a><\/p><p>RELACI\u00d3 DIRECTIUS I RETRIBUCIONS<\/p><p><a href=\"https:\/\/interhospitalia.es\/web\/wp-content\/uploads\/2025\/07\/RELACIO-DIRECTIUS-I-RETRIBUCIONS.pdf\" target=\"_blank\" rel=\"noopener\"><img decoding=\"async\" class=\"alignnone wp-image-6150 size-full\" src=\"https:\/\/interhospitalia.es\/web\/wp-content\/uploads\/2024\/02\/icono-pdf.png\" alt=\"\" width=\"65\" height=\"100\" \/><\/a><\/p><p>EFECTIUS DE PERSONAL EXERCICI 2025<\/p><p><a href=\"https:\/\/interhospitalia.es\/web\/wp-content\/uploads\/2025\/07\/EFECTIUS-DE-PERSONAL-EXERCICI-2025.pdf\" target=\"_blank\" rel=\"noopener\"><img decoding=\"async\" class=\"alignnone wp-image-6150 size-full\" src=\"https:\/\/interhospitalia.es\/web\/wp-content\/uploads\/2024\/02\/icono-pdf.png\" alt=\"\" width=\"65\" height=\"100\" \/><\/a><\/p><\/div>\n\t\t\t\t<\/div>\n\t\t\t\t\t\t\t<div class=\"elementor-accordion-item\">\n\t\t\t\t\t<div id=\"elementor-tab-title-1304\" class=\"elementor-tab-title\" data-tab=\"4\" role=\"button\" aria-controls=\"elementor-tab-content-1304\" aria-expanded=\"false\">\n\t\t\t\t\t\t\t\t\t\t\t\t\t<span class=\"elementor-accordion-icon elementor-accordion-icon-left\" aria-hidden=\"true\">\n\t\t\t\t\t\t\t\t\t\t\t\t\t\t\t<span class=\"elementor-accordion-icon-closed\"><svg class=\"e-font-icon-svg e-fas-plus\" viewBox=\"0 0 448 512\" xmlns=\"http:\/\/www.w3.org\/2000\/svg\"><path d=\"M416 208H272V64c0-17.67-14.33-32-32-32h-32c-17.67 0-32 14.33-32 32v144H32c-17.67 0-32 14.33-32 32v32c0 17.67 14.33 32 32 32h144v144c0 17.67 14.33 32 32 32h32c17.67 0 32-14.33 32-32V304h144c17.67 0 32-14.33 32-32v-32c0-17.67-14.33-32-32-32z\"><\/path><\/svg><\/span>\n\t\t\t\t\t\t\t\t<span class=\"elementor-accordion-icon-opened\"><svg class=\"e-font-icon-svg e-fas-minus\" viewBox=\"0 0 448 512\" xmlns=\"http:\/\/www.w3.org\/2000\/svg\"><path d=\"M416 208H32c-17.67 0-32 14.33-32 32v32c0 17.67 14.33 32 32 32h384c17.67 0 32-14.33 32-32v-32c0-17.67-14.33-32-32-32z\"><\/path><\/svg><\/span>\n\t\t\t\t\t\t\t\t\t\t\t\t\t\t<\/span>\n\t\t\t\t\t\t\t\t\t\t\t\t<a class=\"elementor-accordion-title\" tabindex=\"0\">Contractaci\u00f3<\/a>\n\t\t\t\t\t<\/div>\n\t\t\t\t\t<div id=\"elementor-tab-content-1304\" class=\"elementor-tab-content elementor-clearfix\" data-tab=\"4\" role=\"region\" aria-labelledby=\"elementor-tab-title-1304\"><h3 class=\"title\"><a href=\"https:\/\/interhospitalia.es\/web\/wp-content\/uploads\/2026\/04\/2026-T1-agregades_menors-INTERHOSPITALIA.pdf\">Contractes menors<\/a><\/h3><p>Descarrega&#8217;t l&#8217;arxiu<\/p><p><a href=\"https:\/\/interhospitalia.es\/web\/wp-content\/uploads\/2026\/04\/2026-T1-agregades_menors-INTERHOSPITALIA.pdf\" target=\"_blank\" rel=\"noopener\"><img decoding=\"async\" class=\"alignnone wp-image-6150 size-full\" src=\"https:\/\/interhospitalia.es\/web\/wp-content\/uploads\/2024\/02\/icono-pdf.png\" alt=\"\" width=\"65\" height=\"100\" \/><\/a><\/p><h3 class=\"title\"><strong><a title=\"Previsi\u00f3 de contractaci\u00f3 p\u00fablica 2025\" href=\"https:\/\/interhospitalia.es\/web\/wp-content\/uploads\/2026\/03\/PREVISIO-CONTRACTACIO-2026.xlsx\">Previsi\u00f3 de contractaci\u00f3 p\u00fablica 2026<\/a><\/strong><\/h3><p>Descarrega&#8217;t l&#8217;arxiu<\/p><p><a href=\"https:\/\/interhospitalia.es\/web\/wp-content\/uploads\/2026\/03\/PREVISIO-CONTRACTACIO-2026.xlsx\" target=\"_blank\" rel=\"noopener\"><img decoding=\"async\" class=\"alignnone wp-image-6150 size-full\" src=\"https:\/\/interhospitalia.es\/web\/wp-content\/uploads\/2024\/02\/icono-pdf.png\" alt=\"\" width=\"65\" height=\"100\" \/><\/a><\/p><h3 class=\"title\"><strong><a title=\"Previsi\u00f3 de contractaci\u00f3 p\u00fablica 2025\" href=\"https:\/\/interhospitalia.es\/web\/previsio-de-contractacio-publica\/\">Previsi\u00f3 de contractaci\u00f3 p\u00fablica 2025<\/a><\/strong><\/h3><p>Descarrega&#8217;t l&#8217;arxiu<\/p><p><a href=\"https:\/\/interhospitalia.es\/web\/wp-content\/uploads\/2024\/12\/Formulari-no-vinculant00-1.pdf\" target=\"_blank\" rel=\"noopener\"><img decoding=\"async\" class=\"alignnone wp-image-6150 size-full\" src=\"https:\/\/interhospitalia.es\/web\/wp-content\/uploads\/2024\/02\/icono-pdf.png\" alt=\"\" width=\"65\" height=\"100\" \/><\/a><\/p><p><a href=\"https:\/\/contractaciopublica.cat\/ca\/perfils-contractant\/detall\/100000081?categoria=0\" target=\"_blank\" rel=\"noopener\">\u00a0Visita l&#8217;enlla\u00e7 Plataforma de Contractaci\u00f3 P\u00fablica.<\/a><\/p><h3 class=\"title\">Contractes menors agregats<\/h3><p>Descarrega&#8217;t l&#8217;arxiu<\/p><p><a href=\"https:\/\/interhospitalia.es\/web\/wp-content\/uploads\/2025\/08\/Plantilla_agregades_menors.pdf\" target=\"_blank\" rel=\"noopener\"><img decoding=\"async\" class=\"alignnone wp-image-6150 size-full\" src=\"https:\/\/interhospitalia.es\/web\/wp-content\/uploads\/2024\/02\/icono-pdf.png\" alt=\"\" width=\"65\" height=\"100\" \/><\/a><\/p><h3 class=\"title\">Contractes menors agregats 2<\/h3><p>Descarrega&#8217;t l&#8217;arxiu<\/p><p><a href=\"https:\/\/interhospitalia.es\/web\/wp-content\/uploads\/2025\/08\/Plantilla_agregades_menors-.pdf\" target=\"_blank\" rel=\"noopener\"><img decoding=\"async\" class=\"alignnone wp-image-6150 size-full\" src=\"https:\/\/interhospitalia.es\/web\/wp-content\/uploads\/2024\/02\/icono-pdf.png\" alt=\"\" width=\"65\" height=\"100\" \/><\/a><\/p><h3 class=\"title\">Contractes menors agregats 3<\/h3><p>Descarrega&#8217;t l&#8217;arxiu<\/p><p><a href=\"https:\/\/interhospitalia.es\/web\/wp-content\/uploads\/2025\/12\/MENORS-INTERHOSPITALIA-2-2025-3TRIM.pdf\" target=\"_blank\" rel=\"noopener\"><img decoding=\"async\" class=\"alignnone wp-image-6150 size-full\" src=\"https:\/\/interhospitalia.es\/web\/wp-content\/uploads\/2024\/02\/icono-pdf.png\" alt=\"\" width=\"65\" height=\"100\" \/><\/a><\/p><\/div>\n\t\t\t\t<\/div>\n\t\t\t\t\t\t\t<div class=\"elementor-accordion-item\">\n\t\t\t\t\t<div id=\"elementor-tab-title-1305\" class=\"elementor-tab-title\" data-tab=\"5\" role=\"button\" aria-controls=\"elementor-tab-content-1305\" aria-expanded=\"false\">\n\t\t\t\t\t\t\t\t\t\t\t\t\t<span class=\"elementor-accordion-icon elementor-accordion-icon-left\" aria-hidden=\"true\">\n\t\t\t\t\t\t\t\t\t\t\t\t\t\t\t<span class=\"elementor-accordion-icon-closed\"><svg class=\"e-font-icon-svg e-fas-plus\" viewBox=\"0 0 448 512\" xmlns=\"http:\/\/www.w3.org\/2000\/svg\"><path d=\"M416 208H272V64c0-17.67-14.33-32-32-32h-32c-17.67 0-32 14.33-32 32v144H32c-17.67 0-32 14.33-32 32v32c0 17.67 14.33 32 32 32h144v144c0 17.67 14.33 32 32 32h32c17.67 0 32-14.33 32-32V304h144c17.67 0 32-14.33 32-32v-32c0-17.67-14.33-32-32-32z\"><\/path><\/svg><\/span>\n\t\t\t\t\t\t\t\t<span class=\"elementor-accordion-icon-opened\"><svg class=\"e-font-icon-svg e-fas-minus\" viewBox=\"0 0 448 512\" xmlns=\"http:\/\/www.w3.org\/2000\/svg\"><path d=\"M416 208H32c-17.67 0-32 14.33-32 32v32c0 17.67 14.33 32 32 32h384c17.67 0 32-14.33 32-32v-32c0-17.67-14.33-32-32-32z\"><\/path><\/svg><\/span>\n\t\t\t\t\t\t\t\t\t\t\t\t\t\t<\/span>\n\t\t\t\t\t\t\t\t\t\t\t\t<a class=\"elementor-accordion-title\" tabindex=\"0\">Resolucions administratives i judicials<\/a>\n\t\t\t\t\t<\/div>\n\t\t\t\t\t<div id=\"elementor-tab-content-1305\" class=\"elementor-tab-content elementor-clearfix\" data-tab=\"5\" role=\"region\" aria-labelledby=\"elementor-tab-title-1305\"><p>Registre d&#8217;activitats i de tractament 2025<\/p><p><a href=\"https:\/\/interhospitalia.es\/web\/wp-content\/uploads\/2025\/01\/REGISTRE-ACTIVITATS-DE-TRACTAMENT.pdf\" target=\"_blank\" rel=\"noopener\"><img decoding=\"async\" class=\"alignnone wp-image-6150 size-full\" src=\"https:\/\/interhospitalia.es\/web\/wp-content\/uploads\/2024\/02\/icono-pdf.png\" alt=\"\" width=\"65\" height=\"100\" \/><\/a><\/p><\/div>\n\t\t\t\t<\/div>\n\t\t\t\t\t\t\t<div class=\"elementor-accordion-item\">\n\t\t\t\t\t<div id=\"elementor-tab-title-1306\" class=\"elementor-tab-title\" data-tab=\"6\" role=\"button\" aria-controls=\"elementor-tab-content-1306\" aria-expanded=\"false\">\n\t\t\t\t\t\t\t\t\t\t\t\t\t<span class=\"elementor-accordion-icon elementor-accordion-icon-left\" aria-hidden=\"true\">\n\t\t\t\t\t\t\t\t\t\t\t\t\t\t\t<span class=\"elementor-accordion-icon-closed\"><svg class=\"e-font-icon-svg e-fas-plus\" viewBox=\"0 0 448 512\" xmlns=\"http:\/\/www.w3.org\/2000\/svg\"><path d=\"M416 208H272V64c0-17.67-14.33-32-32-32h-32c-17.67 0-32 14.33-32 32v144H32c-17.67 0-32 14.33-32 32v32c0 17.67 14.33 32 32 32h144v144c0 17.67 14.33 32 32 32h32c17.67 0 32-14.33 32-32V304h144c17.67 0 32-14.33 32-32v-32c0-17.67-14.33-32-32-32z\"><\/path><\/svg><\/span>\n\t\t\t\t\t\t\t\t<span class=\"elementor-accordion-icon-opened\"><svg class=\"e-font-icon-svg e-fas-minus\" viewBox=\"0 0 448 512\" xmlns=\"http:\/\/www.w3.org\/2000\/svg\"><path d=\"M416 208H32c-17.67 0-32 14.33-32 32v32c0 17.67 14.33 32 32 32h384c17.67 0 32-14.33 32-32v-32c0-17.67-14.33-32-32-32z\"><\/path><\/svg><\/span>\n\t\t\t\t\t\t\t\t\t\t\t\t\t\t<\/span>\n\t\t\t\t\t\t\t\t\t\t\t\t<a class=\"elementor-accordion-title\" tabindex=\"0\">Ajudes i subvencions rebudes<\/a>\n\t\t\t\t\t<\/div>\n\t\t\t\t\t<div id=\"elementor-tab-content-1306\" class=\"elementor-tab-content elementor-clearfix\" data-tab=\"6\" role=\"region\" aria-labelledby=\"elementor-tab-title-1306\"><p>Al 2022 Interhospit\u00e0lia va escometre una inversi\u00f3 per import de 190.720,0 \u20ac per instal-lar una planta fotovoltaica amb una subvenci\u00f3 de 47.680,0 \u20ac.<\/p><\/div>\n\t\t\t\t<\/div>\n\t\t\t\t\t\t\t<div class=\"elementor-accordion-item\">\n\t\t\t\t\t<div id=\"elementor-tab-title-1307\" class=\"elementor-tab-title\" data-tab=\"7\" role=\"button\" aria-controls=\"elementor-tab-content-1307\" aria-expanded=\"false\">\n\t\t\t\t\t\t\t\t\t\t\t\t\t<span class=\"elementor-accordion-icon elementor-accordion-icon-left\" aria-hidden=\"true\">\n\t\t\t\t\t\t\t\t\t\t\t\t\t\t\t<span class=\"elementor-accordion-icon-closed\"><svg class=\"e-font-icon-svg e-fas-plus\" viewBox=\"0 0 448 512\" xmlns=\"http:\/\/www.w3.org\/2000\/svg\"><path d=\"M416 208H272V64c0-17.67-14.33-32-32-32h-32c-17.67 0-32 14.33-32 32v144H32c-17.67 0-32 14.33-32 32v32c0 17.67 14.33 32 32 32h144v144c0 17.67 14.33 32 32 32h32c17.67 0 32-14.33 32-32V304h144c17.67 0 32-14.33 32-32v-32c0-17.67-14.33-32-32-32z\"><\/path><\/svg><\/span>\n\t\t\t\t\t\t\t\t<span class=\"elementor-accordion-icon-opened\"><svg class=\"e-font-icon-svg e-fas-minus\" viewBox=\"0 0 448 512\" xmlns=\"http:\/\/www.w3.org\/2000\/svg\"><path d=\"M416 208H32c-17.67 0-32 14.33-32 32v32c0 17.67 14.33 32 32 32h384c17.67 0 32-14.33 32-32v-32c0-17.67-14.33-32-32-32z\"><\/path><\/svg><\/span>\n\t\t\t\t\t\t\t\t\t\t\t\t\t\t<\/span>\n\t\t\t\t\t\t\t\t\t\t\t\t<a class=\"elementor-accordion-title\" tabindex=\"0\">Consultes Oficials<\/a>\n\t\t\t\t\t<\/div>\n\t\t\t\t\t<div id=\"elementor-tab-content-1307\" class=\"elementor-tab-content elementor-clearfix\" data-tab=\"7\" role=\"region\" aria-labelledby=\"elementor-tab-title-1307\"><p><a href=\"https:\/\/interhospitalia.es\/web\/wp-content\/uploads\/2024\/04\/CONSULTA-REUNIO-OFICIAL-JULIOL-2023.pdf\" target=\"_blank\" rel=\"noopener\"><img decoding=\"async\" class=\"alignnone wp-image-6150\" src=\"https:\/\/interhospitalia.es\/web\/wp-content\/uploads\/2024\/02\/icono-pdf.png\" alt=\"\" width=\"46\" height=\"71\" \/><\/a><\/p><\/div>\n\t\t\t\t<\/div>\n\t\t\t\t\t\t\t\t<\/div>\n\t\t\t\t\t\t<\/div>\n\t\t\t\t<\/div>\n\t\t\t\t\t<\/div>\n\t\t\t\t<\/div>\n\t\t\t\t<\/div>\n\t\t","protected":false},"excerpt":{"rendered":"<p>Instituci\u00f3 Interhospitalia 2 \u00e9s una empresa que donada la seva forma jur\u00eddica com AIE, no t\u00e9 \u00e0nim de lucre donant servei \u00fanicament als seus part\u00edceps, que s\u00f3n: FUNDACI\u00d3 DE GESTI\u00d3 SANIT\u00c0RIA DE L\u2019HOSPITAL DE LA SANTA CREU I SANT PAU. ALTHAIA XARXA [&hellip;]<\/p>\n","protected":false},"author":1,"featured_media":0,"parent":0,"menu_order":0,"comment_status":"closed","ping_status":"closed","template":"","meta":{"footnotes":""},"class_list":["post-6143","page","type-page","status-publish","hentry"],"_links":{"self":[{"href":"https:\/\/interhospitalia.es\/web\/wp-json\/wp\/v2\/pages\/6143","targetHints":{"allow":["GET"]}}],"collection":[{"href":"https:\/\/interhospitalia.es\/web\/wp-json\/wp\/v2\/pages"}],"about":[{"href":"https:\/\/interhospitalia.es\/web\/wp-json\/wp\/v2\/types\/page"}],"author":[{"embeddable":true,"href":"https:\/\/interhospitalia.es\/web\/wp-json\/wp\/v2\/users\/1"}],"replies":[{"embeddable":true,"href":"https:\/\/interhospitalia.es\/web\/wp-json\/wp\/v2\/comments?post=6143"}],"version-history":[{"count":125,"href":"https:\/\/interhospitalia.es\/web\/wp-json\/wp\/v2\/pages\/6143\/revisions"}],"predecessor-version":[{"id":6974,"href":"https:\/\/interhospitalia.es\/web\/wp-json\/wp\/v2\/pages\/6143\/revisions\/6974"}],"wp:attachment":[{"href":"https:\/\/interhospitalia.es\/web\/wp-json\/wp\/v2\/media?parent=6143"}],"curies":[{"name":"wp","href":"https:\/\/api.w.org\/{rel}","templated":true}]}}