{"id":6041,"date":"2022-12-30T07:47:54","date_gmt":"2022-12-30T07:47:54","guid":{"rendered":"https:\/\/dirtywashwp.themesflat.co\/?page_id=3"},"modified":"2024-04-26T12:03:46","modified_gmt":"2024-04-26T11:03:46","slug":"privacy-policy-2","status":"publish","type":"page","link":"https:\/\/interhospitalia.es\/web\/privacy-policy-2\/","title":{"rendered":"Politica de privacitat"},"content":{"rendered":"\t\t<div data-elementor-type=\"wp-page\" data-elementor-id=\"6041\" class=\"elementor elementor-6041\">\n\t\t\t\t<div class=\"elementor-element elementor-element-aa1b807 e-flex e-con-boxed e-con e-parent\" data-id=\"aa1b807\" data-element_type=\"container\" data-e-type=\"container\">\n\t\t\t\t\t<div class=\"e-con-inner\">\n\t\t\t\t<div class=\"elementor-element elementor-element-a4a0929 elementor-widget elementor-widget-html\" data-id=\"a4a0929\" data-element_type=\"widget\" data-e-type=\"widget\" data-widget_type=\"html.default\">\n\t\t\t\t<div class=\"elementor-widget-container\">\n\t\t\t\t\t\r\n<h2 style=\"text-align:center;\">WEB: Pol\u00edtica de PRIVACITAT<\/h2><div>\r\n<div style=\"text-align: center;\"><span style=\"font-size:12px;\"><\/span><br \/>\r\n<span style=\"font-size:14px;\"><strong>POL\u00cdTICA DE PRIVACITAT<\/strong><\/span><\/div>\r\n\r\n<div><span style=\"font-size:14px;\"><\/span><\/div>\r\n\r\n<div><span style=\"font-size:14px;\"><\/span><\/div>\r\n\r\n<div style=\"text-align: justify;\"><span style=\"font-size:14px;\"><strong>1. INFORMACI\u00d3 PER A L&rsquo;USUARI<\/strong><\/span><span style=\"font-size:12px;\"><br \/>\r\n<br \/>\r\n<br \/>\r\n<strong><span style=\"color:#000080;\">Qui \u00e9s el responsable del tractament de les teves dades personals?<\/span><\/strong><\/span><\/div>\r\n\r\n<p style=\"text-align: justify;\"><span style=\"font-size:12px;\"><strong>INTERHOSPITALIA 2 AIE<\/strong> \u00e9s el RESPONSABLE del tractament de les dades personals de l&rsquo;USUARI i l&rsquo;informa que aquestes dades es tractaran de conformitat amb el que disposa el Reglament (UE) 2016\/679, de 27 d&rsquo;abril (GDPR), i la Llei Org\u00e0nica 3\/2018, de 5 de desembre (LOPDGDD).<br \/>\r\n<br \/>\r\n<br \/>\r\n<span style=\"color:#000080;\"><strong>Perqu\u00e8 tractem les teves dades personals?<\/strong><\/span><\/span><\/p>\r\n\r\n<p style=\"text-align: justify;\"><span style=\"font-size:12px;\">Per mantenir una relaci\u00f3 comercial amb l&rsquo;usuari. Les operacions previstes per fer el tractament s\u00f3n:<\/span><\/p>\r\n\r\n<ul>\r\n\t<li style=\"text-align: justify;\"><span style=\"font-size:12px;\">Remesa de comunicacions comercials publicit\u00e0ries per e-mail, fax, SMS, MMS, xarxes socials o qualsevol altre mitj\u00e0 electr\u00f2nic o f\u00edsic, present o futur, que permeti efectuar comunicacions comercials. Aquestes comunicacions s&rsquo;han de fer per mitj\u00e0 del RESPONSABLE i estan relacionades amb els seus productes i serveis, o amb els seus col&middot;laboradors o prove\u00efdors, amb els quals hagi arribat a algun acord de promoci\u00f3. En aquest cas, els tercers no tindran mai acc\u00e9s a les dades personals. <\/span><\/li>\r\n\t<li style=\"text-align: justify;\"><span style=\"font-size:12px;\">Efectuar estudis de mercat i an\u00e0lisis estad\u00edstiques. <\/span><\/li>\r\n\t<li style=\"text-align: justify;\"><span style=\"font-size:12px;\">Tramitar enc\u00e0rrecs de peticions, donar resposta a les consultes o qualsevol tipus de petici\u00f3 que faci l&rsquo;USUARI a trav\u00e9s de qualsevol de les formes de contacte que es posen a la seva disposici\u00f3 a la p\u00e0gina web del <span style=\"font-size:12px;\">RESPONSABLE<\/span>.<\/span><\/li>\r\n\t<li style=\"text-align: justify;\"><span style=\"font-size:12px;\">Enviar el butllet\u00ed informatiu online, sobre novetats, ofertes i promocions en la nostra activitat<strong>.<\/strong><\/span><\/li>\r\n<\/ul>\r\n\r\n<p style=\"text-align: justify;\"><span style=\"font-size:12px;\"><span style=\"color:#000080;\"><\/span><br \/>\r\n<br \/>\r\n<strong><span style=\"color:#000080;\">Per quin motiu podem tractar les teves dades personals?<\/span><\/strong><br \/>\r\n<br \/>\r\nPerqu\u00e8 el tractament est\u00e0 legitimat per l&rsquo;article 6 del GDPR de la seg\u00fcent manera:<\/span><\/p>\r\n\r\n<ul>\r\n\t<li style=\"text-align: justify;\"><span style=\"font-size:12px;\">Amb el consentiment de l&rsquo;USUARI: enviament de comunicacions comercials i del butllet\u00ed informatiu. <\/span><\/li>\r\n\t<li style=\"text-align: justify;\"><span style=\"font-size:12px;\">Per inter\u00e8s leg\u00edtim del <span style=\"font-size:12px;\">RESPONSABLE<\/span>: efectuar estudis de mercat, an\u00e0lisis estad\u00edstiques, etc. i tramitar enc\u00e0rrecs, sol&middot;licituds, etc. a petici\u00f3 de l&rsquo;<span style=\"font-size:12px;\">USUARI<\/span>.<\/span><\/li>\r\n<\/ul>\r\n\r\n<div style=\"text-align: justify;\"><span style=\"font-size:12px;\"><\/span><br \/>\r\n <\/div>\r\n\r\n<div style=\"text-align: justify;\"><span style=\"font-size:12px;\"><span style=\"color:#000080;\"><strong>Durant quant de temps guardarem les teves dades personals?<\/strong><\/span><\/span><\/div>\r\n\r\n<p style=\"text-align: justify;\"><span style=\"font-size:12px;\">Es conservaran durant no m\u00e9s temps del necessari per mantenir la finalitat del tractament o mentre hi hagi prescripcions legals que en dictaminin la cust\u00f2dia i quan ja no sigui necessari per a aix\u00f2, se suprimiran amb mesures de seguretat adequades per garantir l&rsquo;anonimitzaci\u00f3 de les dades o la seva destrucci\u00f3 total. <\/span><\/p>\r\n\r\n<p style=\"text-align: justify;\"><span style=\"font-size:12px;\"><strong><span style=\"color:#000080;\"><br \/>\r\n<br \/>\r\nA qui facilitem les teves dades personals?<\/span><\/strong><br \/>\r\n<br \/>\r\nNo est\u00e0 prevista cap comunicaci\u00f3 de dades personals a tercers excepte, si fos necessari per al desenvolupament i execuci\u00f3 de les finalitats del tractament, als nostres prove\u00efdors de serveis relacionats amb comunicacions, amb els quals el <span style=\"font-size:12px;\">RESPONSABLE<\/span> ha formalitzat els contractes de confidencialitat i d&rsquo;encarregat de tractament exigits per la normativa vigent de privacitat.<br \/>\r\n<br \/>\r\n<br \/>\r\n<span style=\"color:#000080;\"><strong>Quins s\u00f3n els teus drets?<\/strong><\/span><\/span><\/p>\r\n\r\n<p style=\"text-align: justify;\"><span style=\"font-size:12px;\">Els drets que t\u00e9 l&rsquo;USUARI s\u00f3n:<\/span><\/p>\r\n\r\n<ul>\r\n\t<li style=\"text-align: justify;\"><span style=\"font-size:12px;\">Dret a retirar el consentiment en qualsevol moment.<\/span><\/li>\r\n\t<li style=\"text-align: justify;\"><span style=\"font-size:12px;\">Dret d&rsquo;acc\u00e9s, rectificaci\u00f3, portabilitat i supressi\u00f3 de les seves dades i de limitaci\u00f3 o oposici\u00f3 al seu tractament.<\/span><\/li>\r\n\t<li style=\"text-align: justify;\"><span style=\"font-size:12px;\">Dret a presentar una reclamaci\u00f3 davant l&rsquo;autoritat de control (www.aepd.es) si considera que el tractament no s&rsquo;ajusta a la normativa vigent.<\/span><\/li>\r\n<\/ul>\r\n\r\n<p style=\"text-align: justify;\"><span style=\"font-size:12px;\"><strong>Dades de contacte per exercir els seus drets<\/strong>:<\/span><\/p>\r\n\r\n<p style=\"text-align: justify;\"><span style=\"font-size:12px;\">INTERHOSPITALIA 2 AIE. Cl Esla, 60 - 08223 Terrassa  (Barcelona). E-mail: info@interhospitalia.es<\/span><br \/>\r\n<br \/>\r\n <\/p>\r\n\r\n<p style=\"text-align: justify;\"><span style=\"font-size:14px;\"><br \/>\r\n<strong>2. CAR\u00c0CTER OBLIGATORI O FACULTATIU DE LA INFORMACI\u00d3 FACILITADA PER L&rsquo;USUARI<\/strong><\/span><\/p>\r\n<\/div>\r\n\r\n<div style=\"text-align: justify;\"><span style=\"font-size:12px;\">Els USUARIS, per mitj\u00e0 de les caselles corresponents i la introducci\u00f3 de dades en els camps, marcats amb l&rsquo;asterisc (*) en el formulari de contacte o presentats en formularis de desc\u00e0rrega, accepten expressament i de manera lliure i inequ\u00edvoca, que les seves dades s\u00f3n necess\u00e0ries per a l&rsquo;atenci\u00f3 de la seva petici\u00f3, per part del prestador, i que per tant la inclusi\u00f3 de les dades en els camps restants \u00e9s volunt\u00e0ria. L&rsquo;USUARI garanteix que les dades personals facilitades al <span style=\"font-size:12px;\">RESPONSABLE <\/span>s\u00f3n ver\u00eddiques i es fa responsable de comunicar-ne qualsevol modificaci\u00f3.<\/span><br \/>\r\n <\/div>\r\n\r\n<div style=\"text-align: justify;\"><span style=\"font-size:12px;\"><\/span><\/div>\r\n\r\n<div style=\"text-align: justify;\"><span style=\"font-size:12px;\"><span style=\"font-size:12px;\">El RESPONSABLE<\/span> informa que totes les dades sol&middot;licitades a trav\u00e9s del lloc web s\u00f3n obligat\u00f2ries, ja que s\u00f3n necess\u00e0ries per a la prestaci\u00f3 d&rsquo;un servei \u00f2ptim a l&rsquo;USUARI. En cas que no es facilitin totes les dades, no es garanteix que la informaci\u00f3 i serveis facilitats s&rsquo;ajustin completament a les seves necessitats.<br \/>\r\n  <\/span><\/div>\r\n\r\n<div style=\"text-align: justify;\"><span style=\"font-size:14px;\"><br \/>\r\n<strong>3. MESURES DE SEGURETAT<\/strong><\/span><\/div>\r\n\r\n<div style=\"text-align: justify;\"><span style=\"font-size:12px;\"><\/span><\/div>\r\n\r\n<div style=\"text-align: justify;\"><span style=\"font-size:12px;\"><br \/>\r\nQue, de conformitat amb el que estableixen les normatives vigents en protecci\u00f3 de dades personals, el RESPONSABLE est\u00e0 complint amb totes les disposicions de les normatives GDPR i LOPDGDD per al tractament de les dades personals de la seva responsabilitat, i manifestament amb els principis descrits a l&rsquo;article 5 del GDPR, pels quals es tracten de manera l\u00edcita, lleial i transparent en relaci\u00f3 amb l&rsquo;interessat i adequades, pertinents i limitades al que \u00e9s necessari en relaci\u00f3 amb les finalitats per a les quals es tracten.<\/span><\/div>\r\n\r\n<div>\r\n<p style=\"text-align: justify;\"><span style=\"font-size:12px;\">El <span style=\"font-size:12px;\">RESPONSABLE<\/span> garanteix que ha implementat pol\u00edtiques t\u00e8cniques i organitzatives apropiades per aplicar les mesures de seguretat que estableixen el GDPR i la LOPDGDD per tal de protegir els drets i llibertats dels USUARIS i els ha comunicat la informaci\u00f3 adequada perqu\u00e8 puguin exercir-los.<br \/>\r\n<br \/>\r\nPer a m\u00e9s informaci\u00f3 sobre les garanties de privacitat, pots dirigir-te al<b> <\/b><span style=\"font-size:12px;\">RESPONSABLE<\/span> a trav\u00e9s de INTERHOSPITALIA 2 AIE. Cl Esla, 60 - 08223 Terrassa  (Barcelona). E-mail: info@interhospitalia.es<\/span><\/p>\r\n<\/div>\r\n\t\t\t\t<\/div>\n\t\t\t\t<\/div>\n\t\t\t\t\t<\/div>\n\t\t\t\t<\/div>\n\t\t\t\t<\/div>\n\t\t","protected":false},"excerpt":{"rendered":"<p>WEB: Pol\u00edtica de PRIVACITAT POL\u00cdTICA DE PRIVACITAT 1. INFORMACI\u00d3 PER A L&rsquo;USUARI Qui \u00e9s el responsable del tractament de les teves dades personals? INTERHOSPITALIA 2 AIE \u00e9s el RESPONSABLE del tractament de les dades personals de l&rsquo;USUARI i l&rsquo;informa que aquestes dades [&hellip;]<\/p>\n","protected":false},"author":1,"featured_media":0,"parent":0,"menu_order":0,"comment_status":"closed","ping_status":"closed","template":"","meta":{"footnotes":""},"class_list":["post-6041","page","type-page","status-publish","hentry"],"_links":{"self":[{"href":"https:\/\/interhospitalia.es\/web\/wp-json\/wp\/v2\/pages\/6041","targetHints":{"allow":["GET"]}}],"collection":[{"href":"https:\/\/interhospitalia.es\/web\/wp-json\/wp\/v2\/pages"}],"about":[{"href":"https:\/\/interhospitalia.es\/web\/wp-json\/wp\/v2\/types\/page"}],"author":[{"embeddable":true,"href":"https:\/\/interhospitalia.es\/web\/wp-json\/wp\/v2\/users\/1"}],"replies":[{"embeddable":true,"href":"https:\/\/interhospitalia.es\/web\/wp-json\/wp\/v2\/comments?post=6041"}],"version-history":[{"count":9,"href":"https:\/\/interhospitalia.es\/web\/wp-json\/wp\/v2\/pages\/6041\/revisions"}],"predecessor-version":[{"id":6688,"href":"https:\/\/interhospitalia.es\/web\/wp-json\/wp\/v2\/pages\/6041\/revisions\/6688"}],"wp:attachment":[{"href":"https:\/\/interhospitalia.es\/web\/wp-json\/wp\/v2\/media?parent=6041"}],"curies":[{"name":"wp","href":"https:\/\/api.w.org\/{rel}","templated":true}]}}