{"id":281,"date":"2020-09-15T08:27:25","date_gmt":"2020-09-15T08:27:25","guid":{"rendered":"https:\/\/surielementor.com\/dirtywash\/?page_id=281"},"modified":"2024-04-07T08:06:31","modified_gmt":"2024-04-07T07:06:31","slug":"home-1","status":"publish","type":"page","link":"https:\/\/interhospitalia.es\/web\/","title":{"rendered":"Interhospitalia 2 AIE"},"content":{"rendered":"\t\t<div data-elementor-type=\"wp-page\" data-elementor-id=\"281\" class=\"elementor elementor-281\">\n\t\t\t\t\t\t<section class=\"elementor-section elementor-top-section elementor-element elementor-element-95ec2b7 elementor-section-stretched elementor-section-boxed elementor-section-height-default elementor-section-height-default tf-sticky-no tf-sticky-scroll-down-yes\" data-id=\"95ec2b7\" data-element_type=\"section\" data-e-type=\"section\" data-settings=\"{&quot;stretch_section&quot;:&quot;section-stretched&quot;,&quot;tf_sticky&quot;:&quot;no&quot;,&quot;tf_sticky_scroll_down&quot;:&quot;yes&quot;}\">\n\t\t\t\t\t\t<div class=\"elementor-container elementor-column-gap-no\">\n\t\t\t\t\t<div class=\"elementor-column elementor-col-100 elementor-top-column elementor-element elementor-element-a5cafe5\" data-id=\"a5cafe5\" data-element_type=\"column\" data-e-type=\"column\">\n\t\t\t<div class=\"elementor-widget-wrap\">\n\t\t\t\t\t\t\t<\/div>\n\t\t<\/div>\n\t\t\t\t\t<\/div>\n\t\t<\/section>\n\t\t\t\t<section class=\"elementor-section elementor-top-section elementor-element elementor-element-34aaf082 elementor-section-stretched elementor-section-boxed elementor-section-height-default elementor-section-height-default tf-sticky-no tf-sticky-scroll-down-yes\" data-id=\"34aaf082\" data-element_type=\"section\" data-e-type=\"section\" data-settings=\"{&quot;stretch_section&quot;:&quot;section-stretched&quot;,&quot;tf_sticky&quot;:&quot;no&quot;,&quot;tf_sticky_scroll_down&quot;:&quot;yes&quot;}\">\n\t\t\t\t\t\t<div class=\"elementor-container elementor-column-gap-extended\">\n\t\t\t\t\t<div class=\"elementor-column elementor-col-100 elementor-top-column elementor-element elementor-element-19b7ea6a\" data-id=\"19b7ea6a\" data-element_type=\"column\" data-e-type=\"column\">\n\t\t\t<div class=\"elementor-widget-wrap elementor-element-populated\">\n\t\t\t\t\t\t<section class=\"elementor-section elementor-inner-section elementor-element elementor-element-206ac409 elementor-section-boxed elementor-section-height-default elementor-section-height-default tf-sticky-no tf-sticky-scroll-down-yes\" data-id=\"206ac409\" data-element_type=\"section\" data-e-type=\"section\" data-settings=\"{&quot;tf_sticky&quot;:&quot;no&quot;,&quot;tf_sticky_scroll_down&quot;:&quot;yes&quot;}\">\n\t\t\t\t\t\t<div class=\"elementor-container elementor-column-gap-no\">\n\t\t\t\t\t<div class=\"elementor-column elementor-col-100 elementor-inner-column elementor-element elementor-element-18d89a98\" data-id=\"18d89a98\" data-element_type=\"column\" data-e-type=\"column\">\n\t\t\t<div class=\"elementor-widget-wrap elementor-element-populated\">\n\t\t\t\t\t\t<div class=\"elementor-element elementor-element-413c8c61 elementor-invisible elementor-widget elementor-widget-heading\" data-id=\"413c8c61\" data-element_type=\"widget\" data-e-type=\"widget\" data-settings=\"{&quot;_animation&quot;:&quot;fadeInUp&quot;,&quot;_animation_delay&quot;:300}\" data-widget_type=\"heading.default\">\n\t\t\t\t<div class=\"elementor-widget-container\">\n\t\t\t\t\t<h2 class=\"elementor-heading-title elementor-size-default\">INTERHOSPITALIA 2 AIE \u00e9s una empresa de bugaderia industrial hospital\u00e0ria que dona servei \u00fanicament als seus socis.<\/h2>\t\t\t\t<\/div>\n\t\t\t\t<\/div>\n\t\t\t\t\t<\/div>\n\t\t<\/div>\n\t\t\t\t\t<\/div>\n\t\t<\/section>\n\t\t\t\t<div class=\"elementor-element elementor-element-16db277b elementor-invisible elementor-widget elementor-widget-heading\" data-id=\"16db277b\" data-element_type=\"widget\" data-e-type=\"widget\" data-settings=\"{&quot;_animation&quot;:&quot;fadeInUp&quot;,&quot;_animation_delay&quot;:500}\" data-widget_type=\"heading.default\">\n\t\t\t\t<div class=\"elementor-widget-container\">\n\t\t\t\t\t<p class=\"elementor-heading-title elementor-size-default\">INTERHOSPITALIA 2 AIE \u00e9s una empresa altament tecnificada i automatitzada i aix\u00f2 que fa que l\u2019efici\u00e8ncia dels seus processos industrials i per tant de la qualitat del servei i als seus socis sigui la mes alta possible.\nIgualment aquesta tecnificaci\u00f3 fa que Interhospitalia estigui a l\u2019avantguarda en l\u2019aplicaci\u00f3 de tecnologies de recuperaci\u00f3 energ\u00e8tica i de efici\u00e8ncia en el consum d\u2019aigua i gas.<\/p>\t\t\t\t<\/div>\n\t\t\t\t<\/div>\n\t\t\t\t\t<\/div>\n\t\t<\/div>\n\t\t\t\t\t<\/div>\n\t\t<\/section>\n\t\t\t\t<section class=\"elementor-section elementor-top-section elementor-element elementor-element-9198c4b elementor-section-stretched elementor-section-boxed elementor-section-height-default elementor-section-height-default tf-sticky-no tf-sticky-scroll-down-yes\" data-id=\"9198c4b\" data-element_type=\"section\" data-e-type=\"section\" data-settings=\"{&quot;stretch_section&quot;:&quot;section-stretched&quot;,&quot;tf_sticky&quot;:&quot;no&quot;,&quot;tf_sticky_scroll_down&quot;:&quot;yes&quot;}\">\n\t\t\t\t\t\t<div class=\"elementor-container elementor-column-gap-extended\">\n\t\t\t\t\t<div class=\"elementor-column elementor-col-50 elementor-top-column elementor-element elementor-element-6d0d5fd\" data-id=\"6d0d5fd\" data-element_type=\"column\" data-e-type=\"column\">\n\t\t\t<div class=\"elementor-widget-wrap elementor-element-populated\">\n\t\t\t\t\t\t<div class=\"elementor-element elementor-element-46f5197 tf-effect-image elementor-invisible elementor-widget elementor-widget-image\" data-id=\"46f5197\" data-element_type=\"widget\" data-e-type=\"widget\" data-settings=\"{&quot;_animation&quot;:&quot;fadeIn&quot;}\" data-widget_type=\"image.default\">\n\t\t\t\t<div class=\"elementor-widget-container\">\n\t\t\t\t\t\t\t\t\t\t\t\t\t\t\t<img fetchpriority=\"high\" decoding=\"async\" width=\"1751\" height=\"2560\" src=\"https:\/\/interhospitalia.es\/web\/wp-content\/uploads\/2024\/03\/IMG_0487_3-scaled.jpg\" class=\"attachment-full size-full wp-image-6357\" alt=\"\" srcset=\"https:\/\/interhospitalia.es\/web\/wp-content\/uploads\/2024\/03\/IMG_0487_3-scaled.jpg 1751w, https:\/\/interhospitalia.es\/web\/wp-content\/uploads\/2024\/03\/IMG_0487_3-205x300.jpg 205w, https:\/\/interhospitalia.es\/web\/wp-content\/uploads\/2024\/03\/IMG_0487_3-700x1024.jpg 700w, https:\/\/interhospitalia.es\/web\/wp-content\/uploads\/2024\/03\/IMG_0487_3-768x1123.jpg 768w, https:\/\/interhospitalia.es\/web\/wp-content\/uploads\/2024\/03\/IMG_0487_3-1051x1536.jpg 1051w, https:\/\/interhospitalia.es\/web\/wp-content\/uploads\/2024\/03\/IMG_0487_3-1401x2048.jpg 1401w\" sizes=\"(max-width: 1751px) 100vw, 1751px\" \/>\t\t\t\t\t\t\t\t\t\t\t\t\t\t\t<\/div>\n\t\t\t\t<\/div>\n\t\t\t\t\t<\/div>\n\t\t<\/div>\n\t\t\t\t<div class=\"elementor-column elementor-col-50 elementor-top-column elementor-element elementor-element-bd1fc13\" data-id=\"bd1fc13\" data-element_type=\"column\" data-e-type=\"column\">\n\t\t\t<div class=\"elementor-widget-wrap elementor-element-populated\">\n\t\t\t\t\t\t<section class=\"elementor-section elementor-inner-section elementor-element elementor-element-b2b89d5 elementor-section-boxed elementor-section-height-default elementor-section-height-default tf-sticky-no tf-sticky-scroll-down-yes\" data-id=\"b2b89d5\" data-element_type=\"section\" data-e-type=\"section\" data-settings=\"{&quot;tf_sticky&quot;:&quot;no&quot;,&quot;tf_sticky_scroll_down&quot;:&quot;yes&quot;}\">\n\t\t\t\t\t\t<div class=\"elementor-container elementor-column-gap-no\">\n\t\t\t\t\t<div class=\"elementor-column elementor-col-50 elementor-inner-column elementor-element elementor-element-98643cc\" data-id=\"98643cc\" data-element_type=\"column\" data-e-type=\"column\">\n\t\t\t<div class=\"elementor-widget-wrap elementor-element-populated\">\n\t\t\t\t\t\t<div class=\"elementor-element elementor-element-d3a59bf elementor-invisible elementor-widget elementor-widget-icon-box\" data-id=\"d3a59bf\" data-element_type=\"widget\" data-e-type=\"widget\" data-settings=\"{&quot;_animation&quot;:&quot;fadeInUp&quot;,&quot;_animation_delay&quot;:0}\" data-widget_type=\"icon-box.default\">\n\t\t\t\t<div class=\"elementor-widget-container\">\n\t\t\t\t\t\t\t<div class=\"elementor-icon-box-wrapper\">\n\n\t\t\t\n\t\t\t\t\t\t<div class=\"elementor-icon-box-content\">\n\n\t\t\t\t\t\t\t\t\t<h3 class=\"elementor-icon-box-title\">\n\t\t\t\t\t\t<span  >\n\t\t\t\t\t\t\tRFID\t\t\t\t\t\t<\/span>\n\t\t\t\t\t<\/h3>\n\t\t\t\t\n\t\t\t\t\t\t\t\t\t<p class=\"elementor-icon-box-description\">\n\t\t\t\t\t\t(identificaci\u00f3 amb xips de radiofreq\u00fc\u00e8ncia) a cada pesa de roba que permet fer autom\u00e0ticament les comandes i els inventaris.\t\t\t\t\t<\/p>\n\t\t\t\t\n\t\t\t<\/div>\n\t\t\t\n\t\t<\/div>\n\t\t\t\t\t\t<\/div>\n\t\t\t\t<\/div>\n\t\t\t\t\t<\/div>\n\t\t<\/div>\n\t\t\t\t<div class=\"elementor-column elementor-col-50 elementor-inner-column elementor-element elementor-element-dccc892\" data-id=\"dccc892\" data-element_type=\"column\" data-e-type=\"column\">\n\t\t\t<div class=\"elementor-widget-wrap elementor-element-populated\">\n\t\t\t\t\t\t<div class=\"elementor-element elementor-element-a962774 elementor-invisible elementor-widget elementor-widget-icon-box\" data-id=\"a962774\" data-element_type=\"widget\" data-e-type=\"widget\" data-settings=\"{&quot;_animation&quot;:&quot;fadeInUp&quot;,&quot;_animation_delay&quot;:200}\" data-widget_type=\"icon-box.default\">\n\t\t\t\t<div class=\"elementor-widget-container\">\n\t\t\t\t\t\t\t<div class=\"elementor-icon-box-wrapper\">\n\n\t\t\t\n\t\t\t\t\t\t<div class=\"elementor-icon-box-content\">\n\n\t\t\t\t\t\t\t\t\t<h3 class=\"elementor-icon-box-title\">\n\t\t\t\t\t\t<span  >\n\t\t\t\t\t\t\tSEPARADOR AUTOM\u00c0TIC DE ROBA BRUTA\t\t\t\t\t\t<\/span>\n\t\t\t\t\t<\/h3>\n\t\t\t\t\n\t\t\t\t\t\t\t\t\t<p class=\"elementor-icon-box-description\">\n\t\t\t\t\t\tEs tracta d\u2019un robot que aprofitant la tecnolog\u00eda RFID fa la separaci\u00f3 autom\u00e1tica de totes les categor\u00edes de peces de roba bruta abans de ser rentades.\t\t\t\t\t<\/p>\n\t\t\t\t\n\t\t\t<\/div>\n\t\t\t\n\t\t<\/div>\n\t\t\t\t\t\t<\/div>\n\t\t\t\t<\/div>\n\t\t\t\t\t<\/div>\n\t\t<\/div>\n\t\t\t\t\t<\/div>\n\t\t<\/section>\n\t\t\t\t<section class=\"elementor-section elementor-inner-section elementor-element elementor-element-435a446 elementor-section-boxed elementor-section-height-default elementor-section-height-default tf-sticky-no tf-sticky-scroll-down-yes\" data-id=\"435a446\" data-element_type=\"section\" data-e-type=\"section\" data-settings=\"{&quot;tf_sticky&quot;:&quot;no&quot;,&quot;tf_sticky_scroll_down&quot;:&quot;yes&quot;}\">\n\t\t\t\t\t\t<div class=\"elementor-container elementor-column-gap-no\">\n\t\t\t\t\t<div class=\"elementor-column elementor-col-50 elementor-inner-column elementor-element elementor-element-4c0802b\" data-id=\"4c0802b\" data-element_type=\"column\" data-e-type=\"column\">\n\t\t\t<div class=\"elementor-widget-wrap elementor-element-populated\">\n\t\t\t\t\t\t<div class=\"elementor-element elementor-element-ffb17c4 elementor-invisible elementor-widget elementor-widget-icon-box\" data-id=\"ffb17c4\" data-element_type=\"widget\" data-e-type=\"widget\" data-settings=\"{&quot;_animation&quot;:&quot;fadeInUp&quot;,&quot;_animation_delay&quot;:400}\" data-widget_type=\"icon-box.default\">\n\t\t\t\t<div class=\"elementor-widget-container\">\n\t\t\t\t\t\t\t<div class=\"elementor-icon-box-wrapper\">\n\n\t\t\t\n\t\t\t\t\t\t<div class=\"elementor-icon-box-content\">\n\n\t\t\t\t\t\t\t\t\t<h3 class=\"elementor-icon-box-title\">\n\t\t\t\t\t\t<span  >\n\t\t\t\t\t\t\tT\u00c8XTILS\t\t\t\t\t\t<\/span>\n\t\t\t\t\t<\/h3>\n\t\t\t\t\n\t\t\t\t\t\t\t\t\t<p class=\"elementor-icon-box-description\">\n\t\t\t\t\t\td\u2019\u00faltima generaci\u00f3 que proporcionen major confortabilitat, provenen de l\u2019economia circular ja que son teixits de poli\u00e8ster confeccionats amb PET reciclat i 100 % reciclables.\t\t\t\t\t<\/p>\n\t\t\t\t\n\t\t\t<\/div>\n\t\t\t\n\t\t<\/div>\n\t\t\t\t\t\t<\/div>\n\t\t\t\t<\/div>\n\t\t\t\t\t<\/div>\n\t\t<\/div>\n\t\t\t\t<div class=\"elementor-column elementor-col-50 elementor-inner-column elementor-element elementor-element-6d0f07b\" data-id=\"6d0f07b\" data-element_type=\"column\" data-e-type=\"column\">\n\t\t\t<div class=\"elementor-widget-wrap elementor-element-populated\">\n\t\t\t\t\t\t<div class=\"elementor-element elementor-element-e13582e elementor-invisible elementor-widget elementor-widget-icon-box\" data-id=\"e13582e\" data-element_type=\"widget\" data-e-type=\"widget\" data-settings=\"{&quot;_animation&quot;:&quot;fadeInUp&quot;,&quot;_animation_delay&quot;:600}\" data-widget_type=\"icon-box.default\">\n\t\t\t\t<div class=\"elementor-widget-container\">\n\t\t\t\t\t\t\t<div class=\"elementor-icon-box-wrapper\">\n\n\t\t\t\n\t\t\t\t\t\t<div class=\"elementor-icon-box-content\">\n\n\t\t\t\t\t\t\t\t\t<h3 class=\"elementor-icon-box-title\">\n\t\t\t\t\t\t<span  >\n\t\t\t\t\t\t\tPLANTA FOTOVOLTAICA \t\t\t\t\t\t<\/span>\n\t\t\t\t\t<\/h3>\n\t\t\t\t\n\t\t\t\t\t\t\t\t\t<p class=\"elementor-icon-box-description\">\n\t\t\t\t\t\tinstal\u00b7lada amb una potencia de 297,12 kwa\t\t\t\t\t<\/p>\n\t\t\t\t\n\t\t\t<\/div>\n\t\t\t\n\t\t<\/div>\n\t\t\t\t\t\t<\/div>\n\t\t\t\t<\/div>\n\t\t\t\t\t<\/div>\n\t\t<\/div>\n\t\t\t\t\t<\/div>\n\t\t<\/section>\n\t\t\t\t<section class=\"elementor-section elementor-inner-section elementor-element elementor-element-8cefbc0 elementor-section-boxed elementor-section-height-default elementor-section-height-default tf-sticky-no tf-sticky-scroll-down-yes\" data-id=\"8cefbc0\" data-element_type=\"section\" data-e-type=\"section\" data-settings=\"{&quot;tf_sticky&quot;:&quot;no&quot;,&quot;tf_sticky_scroll_down&quot;:&quot;yes&quot;}\">\n\t\t\t\t\t\t<div class=\"elementor-container elementor-column-gap-no\">\n\t\t\t\t\t<div class=\"elementor-column elementor-col-50 elementor-inner-column elementor-element elementor-element-3acffaa\" data-id=\"3acffaa\" data-element_type=\"column\" data-e-type=\"column\">\n\t\t\t<div class=\"elementor-widget-wrap elementor-element-populated\">\n\t\t\t\t\t\t<div class=\"elementor-element elementor-element-1ff1435 elementor-invisible elementor-widget elementor-widget-icon-box\" data-id=\"1ff1435\" data-element_type=\"widget\" data-e-type=\"widget\" data-settings=\"{&quot;_animation&quot;:&quot;fadeInUp&quot;,&quot;_animation_delay&quot;:400}\" data-widget_type=\"icon-box.default\">\n\t\t\t\t<div class=\"elementor-widget-container\">\n\t\t\t\t\t\t\t<div class=\"elementor-icon-box-wrapper\">\n\n\t\t\t\n\t\t\t\t\t\t<div class=\"elementor-icon-box-content\">\n\n\t\t\t\t\t\t\t\t\t<h3 class=\"elementor-icon-box-title\">\n\t\t\t\t\t\t<span  >\n\t\t\t\t\t\t\tRECUPERADORS AIGUA \t\t\t\t\t\t<\/span>\n\t\t\t\t\t<\/h3>\n\t\t\t\t\n\t\t\t\t\t\t\t\t\t<p class=\"elementor-icon-box-description\">\n\t\t\t\t\t\tque permet ratis de rentat per baix dels 3 litres d\u2019aigua per quilo de roba rentada\t\t\t\t\t<\/p>\n\t\t\t\t\n\t\t\t<\/div>\n\t\t\t\n\t\t<\/div>\n\t\t\t\t\t\t<\/div>\n\t\t\t\t<\/div>\n\t\t\t\t\t<\/div>\n\t\t<\/div>\n\t\t\t\t<div class=\"elementor-column elementor-col-50 elementor-inner-column elementor-element elementor-element-3498362\" data-id=\"3498362\" data-element_type=\"column\" data-e-type=\"column\">\n\t\t\t<div class=\"elementor-widget-wrap elementor-element-populated\">\n\t\t\t\t\t\t<div class=\"elementor-element elementor-element-d0a517f elementor-invisible elementor-widget elementor-widget-icon-box\" data-id=\"d0a517f\" data-element_type=\"widget\" data-e-type=\"widget\" data-settings=\"{&quot;_animation&quot;:&quot;fadeInUp&quot;,&quot;_animation_delay&quot;:600}\" data-widget_type=\"icon-box.default\">\n\t\t\t\t<div class=\"elementor-widget-container\">\n\t\t\t\t\t\t\t<div class=\"elementor-icon-box-wrapper\">\n\n\t\t\t\n\t\t\t\t\t\t<div class=\"elementor-icon-box-content\">\n\n\t\t\t\t\t\t\t\t\t<h3 class=\"elementor-icon-box-title\">\n\t\t\t\t\t\t<span  >\n\t\t\t\t\t\t\tDETERGENTS\t\t\t\t\t\t<\/span>\n\t\t\t\t\t<\/h3>\n\t\t\t\t\n\t\t\t\t\t\t\t\t\t<p class=\"elementor-icon-box-description\">\n\t\t\t\t\t\td\u2019\u00faltima generaci\u00f3 que permeten rentar a 40\u00ba C. Aix\u00f2 redunda en un estalvi de consum de gas de mes del 30 %.\t\t\t\t\t<\/p>\n\t\t\t\t\n\t\t\t<\/div>\n\t\t\t\n\t\t<\/div>\n\t\t\t\t\t\t<\/div>\n\t\t\t\t<\/div>\n\t\t\t\t\t<\/div>\n\t\t<\/div>\n\t\t\t\t\t<\/div>\n\t\t<\/section>\n\t\t\t\t<section class=\"elementor-section elementor-inner-section elementor-element elementor-element-022062d elementor-section-boxed elementor-section-height-default elementor-section-height-default tf-sticky-no tf-sticky-scroll-down-yes\" data-id=\"022062d\" data-element_type=\"section\" data-e-type=\"section\" data-settings=\"{&quot;tf_sticky&quot;:&quot;no&quot;,&quot;tf_sticky_scroll_down&quot;:&quot;yes&quot;}\">\n\t\t\t\t\t\t<div class=\"elementor-container elementor-column-gap-no\">\n\t\t\t\t\t<div class=\"elementor-column elementor-col-50 elementor-inner-column elementor-element elementor-element-20b0693\" data-id=\"20b0693\" data-element_type=\"column\" data-e-type=\"column\">\n\t\t\t<div class=\"elementor-widget-wrap elementor-element-populated\">\n\t\t\t\t\t\t<div class=\"elementor-element elementor-element-ce59b7d elementor-invisible elementor-widget elementor-widget-icon-box\" data-id=\"ce59b7d\" data-element_type=\"widget\" data-e-type=\"widget\" data-settings=\"{&quot;_animation&quot;:&quot;fadeInUp&quot;,&quot;_animation_delay&quot;:400}\" data-widget_type=\"icon-box.default\">\n\t\t\t\t<div class=\"elementor-widget-container\">\n\t\t\t\t\t\t\t<div class=\"elementor-icon-box-wrapper\">\n\n\t\t\t\n\t\t\t\t\t\t<div class=\"elementor-icon-box-content\">\n\n\t\t\t\t\t\t\t\t\t<h3 class=\"elementor-icon-box-title\">\n\t\t\t\t\t\t<span  >\n\t\t\t\t\t\t\tRECUPERADOR D\u2019ENERGIA \t\t\t\t\t\t<\/span>\n\t\t\t\t\t<\/h3>\n\t\t\t\t\n\t\t\t\t\t\t\t\t\t<p class=\"elementor-icon-box-description\">\n\t\t\t\t\t\ta partir d\u2019un intercanviador de temperatura que recupera l\u2019energia cal\u00f2rica de sortida de les calandres\t\t\t\t\t<\/p>\n\t\t\t\t\n\t\t\t<\/div>\n\t\t\t\n\t\t<\/div>\n\t\t\t\t\t\t<\/div>\n\t\t\t\t<\/div>\n\t\t\t\t\t<\/div>\n\t\t<\/div>\n\t\t\t\t<div class=\"elementor-column elementor-col-50 elementor-inner-column elementor-element elementor-element-382ad5a\" data-id=\"382ad5a\" data-element_type=\"column\" data-e-type=\"column\">\n\t\t\t<div class=\"elementor-widget-wrap\">\n\t\t\t\t\t\t\t<\/div>\n\t\t<\/div>\n\t\t\t\t\t<\/div>\n\t\t<\/section>\n\t\t\t\t\t<\/div>\n\t\t<\/div>\n\t\t\t\t\t<\/div>\n\t\t<\/section>\n\t\t\t\t<\/div>\n\t\t","protected":false},"excerpt":{"rendered":"<p>[rev_slider alias=&#8221;slider-1&#8243; slidertitle=&#8221;Slider 1&#8243;][\/rev_slider] INTERHOSPITALIA 2 AIE \u00e9s una empresa de bugaderia industrial hospital\u00e0ria que dona servei \u00fanicament als seus socis. INTERHOSPITALIA 2 AIE \u00e9s una empresa altament tecnificada i automatitzada i aix\u00f2 que fa que l\u2019efici\u00e8ncia dels seus processos industrials i [&hellip;]<\/p>\n","protected":false},"author":1,"featured_media":0,"parent":0,"menu_order":0,"comment_status":"closed","ping_status":"closed","template":"tpl\/front-page.php","meta":{"footnotes":""},"class_list":["post-281","page","type-page","status-publish","hentry"],"_links":{"self":[{"href":"https:\/\/interhospitalia.es\/web\/wp-json\/wp\/v2\/pages\/281","targetHints":{"allow":["GET"]}}],"collection":[{"href":"https:\/\/interhospitalia.es\/web\/wp-json\/wp\/v2\/pages"}],"about":[{"href":"https:\/\/interhospitalia.es\/web\/wp-json\/wp\/v2\/types\/page"}],"author":[{"embeddable":true,"href":"https:\/\/interhospitalia.es\/web\/wp-json\/wp\/v2\/users\/1"}],"replies":[{"embeddable":true,"href":"https:\/\/interhospitalia.es\/web\/wp-json\/wp\/v2\/comments?post=281"}],"version-history":[{"count":46,"href":"https:\/\/interhospitalia.es\/web\/wp-json\/wp\/v2\/pages\/281\/revisions"}],"predecessor-version":[{"id":6478,"href":"https:\/\/interhospitalia.es\/web\/wp-json\/wp\/v2\/pages\/281\/revisions\/6478"}],"wp:attachment":[{"href":"https:\/\/interhospitalia.es\/web\/wp-json\/wp\/v2\/media?parent=281"}],"curies":[{"name":"wp","href":"https:\/\/api.w.org\/{rel}","templated":true}]}}