{"id":246,"date":"2020-09-15T03:40:19","date_gmt":"2020-09-15T03:40:19","guid":{"rendered":"https:\/\/surielementor.com\/dirtywash\/?page_id=246"},"modified":"2024-03-11T13:13:54","modified_gmt":"2024-03-11T12:13:54","slug":"blog-grid","status":"publish","type":"page","link":"https:\/\/interhospitalia.es\/web\/blog-grid\/","title":{"rendered":"Noticies"},"content":{"rendered":"\t\t<div data-elementor-type=\"wp-page\" data-elementor-id=\"246\" class=\"elementor elementor-246\">\n\t\t\t\t\t\t<section class=\"elementor-section elementor-top-section elementor-element elementor-element-153f08a elementor-section-boxed elementor-section-height-default elementor-section-height-default tf-sticky-no tf-sticky-scroll-down-yes\" data-id=\"153f08a\" data-element_type=\"section\" data-e-type=\"section\" data-settings=\"{&quot;tf_sticky&quot;:&quot;no&quot;,&quot;tf_sticky_scroll_down&quot;:&quot;yes&quot;}\">\n\t\t\t\t\t\t<div class=\"elementor-container elementor-column-gap-extended\">\n\t\t\t\t\t<div class=\"elementor-column elementor-col-100 elementor-top-column elementor-element elementor-element-1db9eb6\" data-id=\"1db9eb6\" data-element_type=\"column\" data-e-type=\"column\">\n\t\t\t<div class=\"elementor-widget-wrap elementor-element-populated\">\n\t\t\t\t\t\t<div class=\"elementor-element elementor-element-8d90190 elementor-widget elementor-widget-spacer\" data-id=\"8d90190\" data-element_type=\"widget\" data-e-type=\"widget\" data-widget_type=\"spacer.default\">\n\t\t\t\t<div class=\"elementor-widget-container\">\n\t\t\t\t\t\t\t<div class=\"elementor-spacer\">\n\t\t\t<div class=\"elementor-spacer-inner\"><\/div>\n\t\t<\/div>\n\t\t\t\t\t\t<\/div>\n\t\t\t\t<\/div>\n\t\t\t\t<section class=\"elementor-section elementor-inner-section elementor-element elementor-element-ea5789d elementor-section-boxed elementor-section-height-default elementor-section-height-default tf-sticky-no tf-sticky-scroll-down-yes\" data-id=\"ea5789d\" data-element_type=\"section\" data-e-type=\"section\" data-settings=\"{&quot;tf_sticky&quot;:&quot;no&quot;,&quot;tf_sticky_scroll_down&quot;:&quot;yes&quot;}\">\n\t\t\t\t\t\t<div class=\"elementor-container elementor-column-gap-extended\">\n\t\t\t\t\t<div class=\"elementor-column elementor-col-100 elementor-inner-column elementor-element elementor-element-f41e18e\" data-id=\"f41e18e\" data-element_type=\"column\" data-e-type=\"column\">\n\t\t\t<div class=\"elementor-widget-wrap elementor-element-populated\">\n\t\t\t\t\t\t<div class=\"elementor-element elementor-element-20be588 elementor-widget elementor-widget-heading\" data-id=\"20be588\" data-element_type=\"widget\" data-e-type=\"widget\" data-widget_type=\"heading.default\">\n\t\t\t\t<div class=\"elementor-widget-container\">\n\t\t\t\t\t<h2 class=\"elementor-heading-title elementor-size-default\">Noticies<\/h2>\t\t\t\t<\/div>\n\t\t\t\t<\/div>\n\t\t\t\t\t<\/div>\n\t\t<\/div>\n\t\t\t\t\t<\/div>\n\t\t<\/section>\n\t\t\t\t\t<\/div>\n\t\t<\/div>\n\t\t\t\t\t<\/div>\n\t\t<\/section>\n\t\t\t\t<section class=\"elementor-section elementor-top-section elementor-element elementor-element-d546472 elementor-section-boxed elementor-section-height-default elementor-section-height-default tf-sticky-no tf-sticky-scroll-down-yes\" data-id=\"d546472\" data-element_type=\"section\" data-e-type=\"section\" data-settings=\"{&quot;tf_sticky&quot;:&quot;no&quot;,&quot;tf_sticky_scroll_down&quot;:&quot;yes&quot;}\">\n\t\t\t\t\t\t<div class=\"elementor-container elementor-column-gap-extended\">\n\t\t\t\t\t<div class=\"elementor-column elementor-col-100 elementor-top-column elementor-element elementor-element-475bc52\" data-id=\"475bc52\" data-element_type=\"column\" data-e-type=\"column\">\n\t\t\t<div class=\"elementor-widget-wrap elementor-element-populated\">\n\t\t\t\t\t\t<div class=\"elementor-element elementor-element-9b499d8 elementor-invisible elementor-widget elementor-widget-tfposts\" data-id=\"9b499d8\" data-element_type=\"widget\" data-e-type=\"widget\" data-settings=\"{&quot;_animation&quot;:&quot;fadeIn&quot;}\" data-widget_type=\"tfposts.default\">\n\t\t\t\t<div class=\"elementor-widget-container\">\n\t\t\t\t\t\n\t\t<div id=\"tf-posts-9b499d8\" class=\"tf-posts-wrap column-2 tablet-column-1 mobile-column-1  no-arrow no-bullets list-img- grid-layout-style-12 list-  \" data-tabid=\"9b499d8\" data-loop=\"\" data-auto=\"\" data-column=\"\" data-column2=\"\" data-column3=\"\" data-spacer=\"\" data-prev_icon=\"\" data-next_icon=\"\" >\n\n\t\t\t\n\t\t\t<div class=\"tf-posts  grid\">\n\t\t\t\t\t\t\t\t\t\t\n\t\t\t\t\t\t\t\t<div class=\"column \">\n\t\t\t\t\t<div class=\"entry blog-post content-outer\">\n\t\t\t\t\t\t<!-- switch -->\n\t\t\t\t\t\t\t\t\t\t\t\t\t\t\t\t<div class=\"featured-post\">\n\t\t\t\t\t\t\t\t\t\t\t<img decoding=\"async\" src=\"https:\/\/interhospitalia.es\/web\/wp-content\/uploads\/elementor\/thumbs\/logoInterhospitalia2AIE-ql58ux6ewbauujmhjloviaugy4k4wnte7mfq9bfm5a.png\" alt=\"image\">\n\t\t\t\t\t\t\t\t\t\t\t\t\t\t\t\t\t\t\t\t\t<\/div>\n\t\t\t\t\t\t\t\t\t\t\t\t\t\t\t\t\t\t\t<div class=\"content\">\n\t\t\t\t\t\t\t\t\t\t\t\t\t\t\t\t\t\t\t\t\n\t\t\t\t\t\t\t\t\t\t\t\t\t\t\t\t\t\t\t\t\t<h2 class=\"title\"><a href=\"https:\/\/interhospitalia.es\/web\/administrativa-o-para-departamento-de-contabilidad-y-recursos-humanos\/\" title=\"CONVOCAT\u00d2RIA ADMINISTRATIU I RRHH\">CONVOCAT\u00d2RIA ADMINISTRATIU I RRHH<\/a><\/h2>\n\t\t\t\t\t\t\t\t\t\t\t\t\t\t\t\t\t\t\t\t\n\n\t\t\t\t\t\t\t\t\t\t\t\t\t\t\t\t\t\t\t\t\t<div class=\"content-post\">Administrativa\/o para departamento de contabilidad y recursos humanosInterhospitalia2 AIE, como empresa&hellip;<\/div>\n\t\t\t\t\t\t\t\t\t\t\n\t\t\t\t\t\t\t\t\t\t\t\t\t\t\t\t\t\t\t<\/div>\n\t\t\t\t\t\t\t\t\t\t\t\t\t\t<\/div>\n\t\t\t\t<\/div>\n\t\t\t\t\t\t\t\t<div class=\"column \">\n\t\t\t\t\t<div class=\"entry blog-post content-outer\">\n\t\t\t\t\t\t<!-- switch -->\n\t\t\t\t\t\t\t\t\t\t\t\t\t\t\t\t<div class=\"featured-post\">\n\t\t\t\t\t\t\t\t\t\t\t<img decoding=\"async\" src=\"https:\/\/interhospitalia.es\/web\/wp-content\/uploads\/elementor\/thumbs\/Imagen1-rjo30ohutghgiw7m4pr4os9sxvquj0o2cc17xi5nmm.png\" alt=\"image\">\n\t\t\t\t\t\t\t\t\t\t\t\t\t\t\t\t\t\t\t\t\t<\/div>\n\t\t\t\t\t\t\t\t\t\t\t\t\t\t\t\t\t\t\t<div class=\"content\">\n\t\t\t\t\t\t\t\t\t\t\t\t\t\t\t\t\t\t\t\t\n\t\t\t\t\t\t\t\t\t\t\t\t\t\t\t\t\t\t\t\t\t<h2 class=\"title\"><a href=\"https:\/\/interhospitalia.es\/web\/tolerancia-zero-a-la-violencia-als-professionals-de-la-salut\/\" title=\"Toler\u00e0ncia zero a la viol\u00e8ncia als professionals de la salut\">Toler\u00e0ncia zero a la viol\u00e8ncia als professionals de la salut<\/a><\/h2>\n\t\t\t\t\t\t\t\t\t\t\t\t\t\t\t\t\t\t\t\t\n\n\t\t\t\t\t\t\t\t\t\t\t\t\t\t\t\t\t\t\t\t\t<div class=\"content-post\"><\/div>\n\t\t\t\t\t\t\t\t\t\t\n\t\t\t\t\t\t\t\t\t\t\t\t\t\t\t\t\t\t\t<\/div>\n\t\t\t\t\t\t\t\t\t\t\t\t\t\t<\/div>\n\t\t\t\t<\/div>\n\t\t\t\t\t\t\t\t<div class=\"column \">\n\t\t\t\t\t<div class=\"entry blog-post content-outer\">\n\t\t\t\t\t\t<!-- switch -->\n\t\t\t\t\t\t\t\t\t\t\t\t\t\t\t\t<div class=\"featured-post\">\n\t\t\t\t\t\t\t\t\t\t\t<img decoding=\"async\" src=\"https:\/\/interhospitalia.es\/web\/wp-content\/uploads\/elementor\/thumbs\/logo_interhospitalia-qjsdw5npzx7l9dh10hm1c2w3l0el39tx51egg6q76m.jpg\" alt=\"image\">\n\t\t\t\t\t\t\t\t\t\t\t\t\t\t\t\t\t\t\t\t\t<\/div>\n\t\t\t\t\t\t\t\t\t\t\t\t\t\t\t\t\t\t\t<div class=\"content\">\n\t\t\t\t\t\t\t\t\t\t\t\t\t\t\t\t\t\t\t\t\n\t\t\t\t\t\t\t\t\t\t\t\t\t\t\t\t\t\t\t\t\t<h2 class=\"title\"><a href=\"https:\/\/interhospitalia.es\/web\/seleccion-auxiliar-tecnico-de-mantenimiento\/\" title=\"SELECCI\u00d3N AUXILIAR T\u00c9CNICO DE MANTENIMIENTO\">SELECCI\u00d3N AUXILIAR T\u00c9CNICO DE MANTENIMIENTO<\/a><\/h2>\n\t\t\t\t\t\t\t\t\t\t\t\t\t\t\t\t\t\t\t\t\n\n\t\t\t\t\t\t\t\t\t\t\t\t\t\t\t\t\t\t\t\t\t<div class=\"content-post\">Interhospitalia2 AIE, como empresa de lavander\u00eda industrial hospitalaria busca T\u00e9cnico\/a de&hellip;<\/div>\n\t\t\t\t\t\t\t\t\t\t\n\t\t\t\t\t\t\t\t\t\t\t\t\t\t\t\t\t\t\t<\/div>\n\t\t\t\t\t\t\t\t\t\t\t\t\t\t<\/div>\n\t\t\t\t<\/div>\n\t\t\t\t\t\t\t\t<div class=\"column \">\n\t\t\t\t\t<div class=\"entry blog-post content-outer\">\n\t\t\t\t\t\t<!-- switch -->\n\t\t\t\t\t\t\t\t\t\t\t\t\t\t\t\t<div class=\"featured-post\">\n\t\t\t\t\t\t\t\t\t\t\t<img decoding=\"async\" src=\"https:\/\/interhospitalia.es\/web\/wp-content\/uploads\/elementor\/thumbs\/Captura-de-pantalla-2025-05-19-084117-r61028khh4remud9zguqnbh6jxj9g5adypts47pkv2.png\" alt=\"image\">\n\t\t\t\t\t\t\t\t\t\t\t\t\t\t\t\t\t\t\t\t\t<\/div>\n\t\t\t\t\t\t\t\t\t\t\t\t\t\t\t\t\t\t\t<div class=\"content\">\n\t\t\t\t\t\t\t\t\t\t\t\t\t\t\t\t\t\t\t\t\n\t\t\t\t\t\t\t\t\t\t\t\t\t\t\t\t\t\t\t\t\t<h2 class=\"title\"><a href=\"https:\/\/interhospitalia.es\/web\/en-2024-interhospitalia2-aie-ha-redimido-449-mwh-a-traves-de-su-instalacion-de-energia-solar\/\" title=\"En 2024 Interhospitalia2 AIE ha redimido 449 MWh a trav\u00e9s de su instalaci\u00f3n de energia solar\">En 2024 Interhospitalia2 AIE ha redimido 449 MWh a trav\u00e9s de su instalaci\u00f3n de energia solar<\/a><\/h2>\n\t\t\t\t\t\t\t\t\t\t\t\t\t\t\t\t\t\t\t\t\n\n\t\t\t\t\t\t\t\t\t\t\t\t\t\t\t\t\t\t\t\t\t<div class=\"content-post\">En 2024 Interhospitalia2 AIE ha redimido 449 MWh a trav\u00e9s de&hellip;<\/div>\n\t\t\t\t\t\t\t\t\t\t\n\t\t\t\t\t\t\t\t\t\t\t\t\t\t\t\t\t\t\t<\/div>\n\t\t\t\t\t\t\t\t\t\t\t\t\t\t<\/div>\n\t\t\t\t<\/div>\n\t\t\t\t\t\t\t\t<div class=\"column \">\n\t\t\t\t\t<div class=\"entry blog-post content-outer\">\n\t\t\t\t\t\t<!-- switch -->\n\t\t\t\t\t\t\t\t\t\t\t\t\t\t\t\t<div class=\"featured-post\">\n\t\t\t\t\t\t\t\t\t\t\t<img decoding=\"async\" src=\"https:\/\/interhospitalia.es\/web\/wp-content\/uploads\/elementor\/thumbs\/Foto-ONG-amb-les-teves-mans-1-scaled-qu8m8a4uq9jnyiwb43h4kea72n66qbn91s6b393dni.jpg\" alt=\"image\">\n\t\t\t\t\t\t\t\t\t\t\t\t\t\t\t\t\t\t\t\t\t<\/div>\n\t\t\t\t\t\t\t\t\t\t\t\t\t\t\t\t\t\t\t<div class=\"content\">\n\t\t\t\t\t\t\t\t\t\t\t\t\t\t\t\t\t\t\t\t\n\t\t\t\t\t\t\t\t\t\t\t\t\t\t\t\t\t\t\t\t\t<h2 class=\"title\"><a href=\"https:\/\/interhospitalia.es\/web\/interhospitalia-2-aie-collabora-amb-long-%c2%a8amb-les-teves-mans%c2%a8\/\" title=\"INTERHOSPITALIA 2 AIE col\u00b7labora amb l&#8217;ONG \u00a8Amb les teves Mans\u00a8\">INTERHOSPITALIA 2 AIE col\u00b7labora amb l&#8217;ONG \u00a8Amb les teves Mans\u00a8<\/a><\/h2>\n\t\t\t\t\t\t\t\t\t\t\t\t\t\t\t\t\t\t\t\t\n\n\t\t\t\t\t\t\t\t\t\t\t\t\t\t\t\t\t\t\t\t\t<div class=\"content-post\">INTERHOSPITALIA 2 AIE col\u00b7labora amb l'ONG \u00a8Amb les teves Mans\u00a8 mitjan\u00e7ant&hellip;<\/div>\n\t\t\t\t\t\t\t\t\t\t\n\t\t\t\t\t\t\t\t\t\t\t\t\t\t\t\t\t\t\t<\/div>\n\t\t\t\t\t\t\t\t\t\t\t\t\t\t<\/div>\n\t\t\t\t<\/div>\n\t\t\t\t\t\t\t\t<div class=\"column \">\n\t\t\t\t\t<div class=\"entry blog-post content-outer\">\n\t\t\t\t\t\t<!-- switch -->\n\t\t\t\t\t\t\t\t\t\t\t\t\t\t\t\t<div class=\"featured-post\">\n\t\t\t\t\t\t\t\t\t\t\t<img decoding=\"async\" src=\"https:\/\/interhospitalia.es\/web\/wp-content\/uploads\/elementor\/thumbs\/1714046953176-qo55y7n76jloz6e35s24rsc0k279iqdvyn08cgql0e.jpg\" alt=\"image\">\n\t\t\t\t\t\t\t\t\t\t\t\t\t\t\t\t\t\t\t\t\t<\/div>\n\t\t\t\t\t\t\t\t\t\t\t\t\t\t\t\t\t\t\t<div class=\"content\">\n\t\t\t\t\t\t\t\t\t\t\t\t\t\t\t\t\t\t\t\t\n\t\t\t\t\t\t\t\t\t\t\t\t\t\t\t\t\t\t\t\t\t<h2 class=\"title\"><a href=\"https:\/\/interhospitalia.es\/web\/inteligencia-artificial-robotizacion-y-digitalizacion-el-lavanderia-industrial-del-sector-sanitario\/\" title=\"Inteligencia Artificial, Robotizaci\u00f3n y Digitalizaci\u00f3n el Lavander\u00eda Industrial del Sector Sanitario.\">Inteligencia Artificial, Robotizaci\u00f3n y Digitalizaci\u00f3n el Lavander\u00eda Industrial del Sector Sanitario.<\/a><\/h2>\n\t\t\t\t\t\t\t\t\t\t\t\t\t\t\t\t\t\t\t\t\n\n\t\t\t\t\t\t\t\t\t\t\t\t\t\t\t\t\t\t\t\t\t<div class=\"content-post\">Pon\u00e8ncia que Interhospitalia va realitzar en el Foro de Serveis Hospitalaris&hellip;<\/div>\n\t\t\t\t\t\t\t\t\t\t\n\t\t\t\t\t\t\t\t\t\t\t\t\t\t\t\t\t\t\t<\/div>\n\t\t\t\t\t\t\t\t\t\t\t\t\t\t<\/div>\n\t\t\t\t<\/div>\n\t\t\t\t\t\t\t\t<div class=\"column \">\n\t\t\t\t\t<div class=\"entry blog-post content-outer\">\n\t\t\t\t\t\t<!-- switch -->\n\t\t\t\t\t\t\t\t\t\t\t\t\t\t\t\t<div class=\"featured-post\">\n\t\t\t\t\t\t\t\t\t\t\t<img decoding=\"async\" src=\"https:\/\/interhospitalia.es\/web\/wp-content\/uploads\/elementor\/thumbs\/foto-sessio-del-FAC-Interhospitalia-i-Althaia-qmvu91ychvdvpn789l9ilww4k5w5du25swfei4u7dq.jpg\" alt=\"image\">\n\t\t\t\t\t\t\t\t\t\t\t\t\t\t\t\t\t\t\t\t\t<\/div>\n\t\t\t\t\t\t\t\t\t\t\t\t\t\t\t\t\t\t\t<div class=\"content\">\n\t\t\t\t\t\t\t\t\t\t\t\t\t\t\t\t\t\t\t\t\n\t\t\t\t\t\t\t\t\t\t\t\t\t\t\t\t\t\t\t\t\t<h2 class=\"title\"><a href=\"https:\/\/interhospitalia.es\/web\/sostenibilitat-mediambiental-i-economica-projecte-recuperador-denergia-termica-energo\/\" title=\"Sostenibilitat mediambiental i econ\u00f2mica: Projecte recuperador d\u2019energia t\u00e8rmica ENERGO\">Sostenibilitat mediambiental i econ\u00f2mica: Projecte recuperador d\u2019energia t\u00e8rmica ENERGO<\/a><\/h2>\n\t\t\t\t\t\t\t\t\t\t\t\t\t\t\t\t\t\t\t\t\n\n\t\t\t\t\t\t\t\t\t\t\t\t\t\t\t\t\t\t\t\t\t<div class=\"content-post\">L\u2019objectiu de la sessi\u00f3 ha estat exposar el projecte innovador ENERGO,&hellip;<\/div>\n\t\t\t\t\t\t\t\t\t\t\n\t\t\t\t\t\t\t\t\t\t\t\t\t\t\t\t\t\t\t<\/div>\n\t\t\t\t\t\t\t\t\t\t\t\t\t\t<\/div>\n\t\t\t\t<\/div>\n\t\t\t\t\t\t\t\t<div class=\"column \">\n\t\t\t\t\t<div class=\"entry blog-post content-outer\">\n\t\t\t\t\t\t<!-- switch -->\n\t\t\t\t\t\t\t\t\t\t\t\t\t\t\t\t<div class=\"featured-post\">\n\t\t\t\t\t\t\t\t\t\t\t<img decoding=\"async\" src=\"https:\/\/interhospitalia.es\/web\/wp-content\/uploads\/elementor\/thumbs\/video01-qmcll3w8qtye1i1xoe2h5wv03hzwfn2z3fd957m4ta.png\" alt=\"image\">\n\t\t\t\t\t\t\t\t\t\t\t\t\t\t\t\t\t\t\t\t\t<\/div>\n\t\t\t\t\t\t\t\t\t\t\t\t\t\t\t\t\t\t\t<div class=\"content\">\n\t\t\t\t\t\t\t\t\t\t\t\t\t\t\t\t\t\t\t\t\n\t\t\t\t\t\t\t\t\t\t\t\t\t\t\t\t\t\t\t\t\t<h2 class=\"title\"><a href=\"https:\/\/interhospitalia.es\/web\/instal-lacio-fotovoltaica\/\" title=\"Video de cas d&#8217;\u00e9xit Sortech Interhospitalia\">Video de cas d&#8217;\u00e9xit Sortech Interhospitalia<\/a><\/h2>\n\t\t\t\t\t\t\t\t\t\t\t\t\t\t\t\t\t\t\t\t\n\n\t\t\t\t\t\t\t\t\t\t\t\t\t\t\t\t\t\t\t\t\t<div class=\"content-post\">Interhospitalia va incorporar el 2023 el projecte de\u00a0Girbau SORTECH.At\u00e8s que totes&hellip;<\/div>\n\t\t\t\t\t\t\t\t\t\t\n\t\t\t\t\t\t\t\t\t\t\t\t\t\t\t\t\t\t\t<\/div>\n\t\t\t\t\t\t\t\t\t\t\t\t\t\t<\/div>\n\t\t\t\t<\/div>\n\t\t\t\t\t\t\t\t<div class=\"column \">\n\t\t\t\t\t<div class=\"entry blog-post content-outer\">\n\t\t\t\t\t\t<!-- switch -->\n\t\t\t\t\t\t\t\t\t\t\t\t\t\t\t\t<div class=\"featured-post\">\n\t\t\t\t\t\t\t\t\t\t\t<img decoding=\"async\" src=\"https:\/\/interhospitalia.es\/web\/wp-content\/uploads\/elementor\/thumbs\/V60857059_Certificado_Energia_Sostenible_page-0001-qo55q498bwit025cfa3satv4em3h8k93ikrpkoqmla.jpg\" alt=\"image\">\n\t\t\t\t\t\t\t\t\t\t\t\t\t\t\t\t\t\t\t\t\t<\/div>\n\t\t\t\t\t\t\t\t\t\t\t\t\t\t\t\t\t\t\t<div class=\"content\">\n\t\t\t\t\t\t\t\t\t\t\t\t\t\t\t\t\t\t\t\t\n\t\t\t\t\t\t\t\t\t\t\t\t\t\t\t\t\t\t\t\t\t<h2 class=\"title\"><a href=\"https:\/\/interhospitalia.es\/web\/declaracio-denergia-100-sostenible\/\" title=\"Declaraci\u00f3 d&#8217;Energia 100% sostenible\">Declaraci\u00f3 d&#8217;Energia 100% sostenible<\/a><\/h2>\n\t\t\t\t\t\t\t\t\t\t\t\t\t\t\t\t\t\t\t\t\n\n\t\t\t\t\t\t\t\t\t\t\t\t\t\t\t\t\t\t\t\t\t<div class=\"content-post\"><\/div>\n\t\t\t\t\t\t\t\t\t\t\n\t\t\t\t\t\t\t\t\t\t\t\t\t\t\t\t\t\t\t<\/div>\n\t\t\t\t\t\t\t\t\t\t\t\t\t\t<\/div>\n\t\t\t\t<\/div>\n\t\t\t\t\t\t\t\t\t\t\t<\/div>\n\n\t\t\t\t\t\t    <nav class=\"navigation loadmore\" role=\"navigation\">\n\t\t\t\t\t<div class=\"pagination loop-pagination left\">\t\n\t\t\t\t    \t<a href=\"https:\/\/interhospitalia.es\/web\/wp-json\/wp\/v2\/pages\/246\/page\/2\/\" ><svg xmlns=\"http:\/\/www.w3.org\/2000\/svg\" viewBox=\"0 0 496.54 512\" width=\"25\" height=\"25\"><title>Asset 1<\/title><g id=\"Layer_2\" data-name=\"Layer 2\"><g id=\"Layer_1-2\" data-name=\"Layer 1\"><path d=\"M151.23,0c14,4.68,28,9.41,42,14,16.12,5.3,32.28,10.45,48.4,15.75,9.33,3.07,11.1,10.06,4.29,17q-32.62,33.1-65.32,66.17c-3,3.06-6.21,5.09-10.62,3.81-4.24-1.24-5.76-4.65-6.69-8.57-2.09-8.88-4.28-17.74-6.65-27.47-6.57,3.87-12.94,7.11-18.77,11.13-63.3,43.62-95.44,103.77-92.59,180.8A201.87,201.87,0,0,0,205.35,462.34c69.25,14.55,130.56-3.07,183.21-50.45,1.61-1.45,3.12-3,4.72-4.47,9.63-8.76,23.18-8.53,31.82.54s8.35,22.7-.81,31.83a246.4,246.4,0,0,1-48,37.26c-31,18.46-64.5,29.43-100.26,33.72-2.93.35-5.86.82-8.78,1.23h-37c-4.24-.64-8.47-1.39-12.73-1.91-34.61-4.26-67-15.06-96.58-33.58C50,432.11,9.19,368.41,1.19,284.93c-6-62.75,10.88-119.74,48.21-170.46a240.74,240.74,0,0,1,92-75.73c3.54-1.68,4.56-3.41,3.34-7.23C143,26,142.16,20.14,140.4,14.61c-2-6.24-.62-11,4.83-14.61Z\"\/><path d=\"M467.93,183c12-.06,22.17,10.26,22.17,22.38A23,23,0,0,1,467.43,228a22.45,22.45,0,0,1-22.28-22.24C445,192.92,454.89,183.07,467.93,183Z\"\/><path d=\"M455.29,132.59a22.38,22.38,0,0,1-44.76,0c-.13-12.73,10.33-22.78,23.54-22.61C445.79,110.15,455.35,120.32,455.29,132.59Z\"\/><path d=\"M452.25,386A22.08,22.08,0,0,1,430,363.39c.06-12.66,10.22-22.45,23.21-22.36,11.54.07,21.65,10.54,21.66,22.43A22.68,22.68,0,0,1,452.25,386Z\"\/><path d=\"M375.53,53.83a22,22,0,0,1,22,22.32,22.38,22.38,0,1,1-44.76-.1A22.38,22.38,0,0,1,375.53,53.83Z\"\/><path d=\"M473.5,308.12a21.94,21.94,0,0,1-21.69-22.59,22.83,22.83,0,0,1,23.37-22.36c11.75.23,21.69,11,21.35,23.19C496.19,299,486.24,308.39,473.5,308.12Z\"\/><path d=\"M323.44,43.9a22.25,22.25,0,0,1-44.5-.06,22.25,22.25,0,1,1,44.5.06Z\"\/><\/g><\/g><\/svg>Load More...<\/a>\t\t\t\t    <\/div>\n\t\t\t\t<\/nav>\n\t\t\t    \t\t<\/div>\n\n\t\t\t\t\t\t<\/div>\n\t\t\t\t<\/div>\n\t\t\t\t\t<\/div>\n\t\t<\/div>\n\t\t\t\t\t<\/div>\n\t\t<\/section>\n\t\t\t\t<\/div>\n\t\t","protected":false},"excerpt":{"rendered":"<p>Noticies Declaraci\u00f3 d&#8217;Energia 100% sostenible Instal.laci\u00f3 Fotovolt\u00e0ica Proyecto acogido al programa de incentivos ligados al autoconsumo y almacenamiento,&hellip;<\/p>\n","protected":false},"author":1,"featured_media":0,"parent":0,"menu_order":0,"comment_status":"closed","ping_status":"closed","template":"elementor_header_footer","meta":{"footnotes":""},"class_list":["post-246","page","type-page","status-publish","hentry"],"_links":{"self":[{"href":"https:\/\/interhospitalia.es\/web\/wp-json\/wp\/v2\/pages\/246","targetHints":{"allow":["GET"]}}],"collection":[{"href":"https:\/\/interhospitalia.es\/web\/wp-json\/wp\/v2\/pages"}],"about":[{"href":"https:\/\/interhospitalia.es\/web\/wp-json\/wp\/v2\/types\/page"}],"author":[{"embeddable":true,"href":"https:\/\/interhospitalia.es\/web\/wp-json\/wp\/v2\/users\/1"}],"replies":[{"embeddable":true,"href":"https:\/\/interhospitalia.es\/web\/wp-json\/wp\/v2\/comments?post=246"}],"version-history":[{"count":10,"href":"https:\/\/interhospitalia.es\/web\/wp-json\/wp\/v2\/pages\/246\/revisions"}],"predecessor-version":[{"id":6356,"href":"https:\/\/interhospitalia.es\/web\/wp-json\/wp\/v2\/pages\/246\/revisions\/6356"}],"wp:attachment":[{"href":"https:\/\/interhospitalia.es\/web\/wp-json\/wp\/v2\/media?parent=246"}],"curies":[{"name":"wp","href":"https:\/\/api.w.org\/{rel}","templated":true}]}}